{"id":14981,"date":"2024-09-10T19:39:05","date_gmt":"2024-09-10T17:39:05","guid":{"rendered":"https:\/\/totem.com.pl\/papiery\/"},"modified":"2026-04-10T22:38:29","modified_gmt":"2026-04-10T20:38:29","slug":"papper","status":"publish","type":"page","link":"https:\/\/totem.com.pl\/sv\/papper\/","title":{"rendered":"Papper"},"content":{"rendered":"","protected":false},"excerpt":{"rendered":"","protected":false},"author":2,"featured_media":0,"parent":0,"menu_order":0,"comment_status":"closed","ping_status":"closed","template":"page-templates\/page-papiery.php","meta":{"_acf_changed":false,"footnotes":""},"class_list":["post-14981","page","type-page","status-publish","hentry"],"acf":[],"yoast_head":"<!-- This site is optimized with the Yoast SEO plugin v27.2 - https:\/\/yoast.com\/product\/yoast-seo-wordpress\/ -->\n<title>Papper - Totem - Boktryckeri<\/title>\n<meta name=\"description\" content=\"Vet du inte vilket papper du b\u00f6r v\u00e4lja f\u00f6r din bok? Kolla vilka papper som \u00e4r mest popul\u00e4ra och vad vi f\u00f6resl\u00e5r!\" \/>\n<meta name=\"robots\" content=\"index, follow, max-snippet:-1, max-image-preview:large, max-video-preview:-1\" \/>\n<link rel=\"canonical\" href=\"https:\/\/totem.com.pl\/sv\/papper\/\" \/>\n<meta property=\"og:locale\" content=\"sv_SE\" \/>\n<meta property=\"og:type\" content=\"article\" \/>\n<meta property=\"og:title\" content=\"Papper - Totem - Boktryckeri\" \/>\n<meta property=\"og:description\" content=\"Vet du inte vilket papper du b\u00f6r v\u00e4lja f\u00f6r din bok? Kolla vilka papper som \u00e4r mest popul\u00e4ra och vad vi f\u00f6resl\u00e5r!\" \/>\n<meta property=\"og:url\" content=\"https:\/\/totem.com.pl\/sv\/papper\/\" \/>\n<meta property=\"og:site_name\" content=\"Totem - Boktryckeri\" \/>\n<meta property=\"article:modified_time\" content=\"2026-04-10T20:38:29+00:00\" \/>\n<meta name=\"twitter:card\" content=\"summary_large_image\" \/>\n<script type=\"application\/ld+json\" class=\"yoast-schema-graph\">{\"@context\":\"https:\/\/schema.org\",\"@graph\":[{\"@type\":\"WebPage\",\"@id\":\"https:\/\/totem.com.pl\/sv\/papper\/\",\"url\":\"https:\/\/totem.com.pl\/sv\/papper\/\",\"name\":\"Papper - Totem - Boktryckeri\",\"isPartOf\":{\"@id\":\"https:\/\/totem.com.pl\/#website\"},\"datePublished\":\"2024-09-10T17:39:05+00:00\",\"dateModified\":\"2026-04-10T20:38:29+00:00\",\"description\":\"Vet du inte vilket papper du b\u00f6r v\u00e4lja f\u00f6r din bok? Kolla vilka papper som \u00e4r mest popul\u00e4ra och vad vi f\u00f6resl\u00e5r!\",\"inLanguage\":\"sv-SE\",\"potentialAction\":[{\"@type\":\"ReadAction\",\"target\":[\"https:\/\/totem.com.pl\/sv\/papper\/\"]}]},{\"@type\":\"WebSite\",\"@id\":\"https:\/\/totem.com.pl\/#website\",\"url\":\"https:\/\/totem.com.pl\/\",\"name\":\"Totem - Boktryckeri\",\"description\":\"Offert till f\u00f6rlag och egenutgivare\",\"potentialAction\":[{\"@type\":\"SearchAction\",\"target\":{\"@type\":\"EntryPoint\",\"urlTemplate\":\"https:\/\/totem.com.pl\/?s={search_term_string}\"},\"query-input\":{\"@type\":\"PropertyValueSpecification\",\"valueRequired\":true,\"valueName\":\"search_term_string\"}}],\"inLanguage\":\"sv-SE\"}]}<\/script>\n<!-- \/ Yoast SEO plugin. -->","yoast_head_json":{"title":"Papper - Totem - Boktryckeri","description":"Vet du inte vilket papper du b\u00f6r v\u00e4lja f\u00f6r din bok? Kolla vilka papper som \u00e4r mest popul\u00e4ra och vad vi f\u00f6resl\u00e5r!","robots":{"index":"index","follow":"follow","max-snippet":"max-snippet:-1","max-image-preview":"max-image-preview:large","max-video-preview":"max-video-preview:-1"},"canonical":"https:\/\/totem.com.pl\/sv\/papper\/","og_locale":"sv_SE","og_type":"article","og_title":"Papper - Totem - Boktryckeri","og_description":"Vet du inte vilket papper du b\u00f6r v\u00e4lja f\u00f6r din bok? Kolla vilka papper som \u00e4r mest popul\u00e4ra och vad vi f\u00f6resl\u00e5r!","og_url":"https:\/\/totem.com.pl\/sv\/papper\/","og_site_name":"Totem - Boktryckeri","article_modified_time":"2026-04-10T20:38:29+00:00","twitter_card":"summary_large_image","schema":{"@context":"https:\/\/schema.org","@graph":[{"@type":"WebPage","@id":"https:\/\/totem.com.pl\/sv\/papper\/","url":"https:\/\/totem.com.pl\/sv\/papper\/","name":"Papper - Totem - Boktryckeri","isPartOf":{"@id":"https:\/\/totem.com.pl\/#website"},"datePublished":"2024-09-10T17:39:05+00:00","dateModified":"2026-04-10T20:38:29+00:00","description":"Vet du inte vilket papper du b\u00f6r v\u00e4lja f\u00f6r din bok? Kolla vilka papper som \u00e4r mest popul\u00e4ra och vad vi f\u00f6resl\u00e5r!","inLanguage":"sv-SE","potentialAction":[{"@type":"ReadAction","target":["https:\/\/totem.com.pl\/sv\/papper\/"]}]},{"@type":"WebSite","@id":"https:\/\/totem.com.pl\/#website","url":"https:\/\/totem.com.pl\/","name":"Totem - Boktryckeri","description":"Offert till f\u00f6rlag och egenutgivare","potentialAction":[{"@type":"SearchAction","target":{"@type":"EntryPoint","urlTemplate":"https:\/\/totem.com.pl\/?s={search_term_string}"},"query-input":{"@type":"PropertyValueSpecification","valueRequired":true,"valueName":"search_term_string"}}],"inLanguage":"sv-SE"}]}},"_links":{"self":[{"href":"https:\/\/totem.com.pl\/sv\/wp-json\/wp\/v2\/pages\/14981","targetHints":{"allow":["GET"]}}],"collection":[{"href":"https:\/\/totem.com.pl\/sv\/wp-json\/wp\/v2\/pages"}],"about":[{"href":"https:\/\/totem.com.pl\/sv\/wp-json\/wp\/v2\/types\/page"}],"author":[{"embeddable":true,"href":"https:\/\/totem.com.pl\/sv\/wp-json\/wp\/v2\/users\/2"}],"replies":[{"embeddable":true,"href":"https:\/\/totem.com.pl\/sv\/wp-json\/wp\/v2\/comments?post=14981"}],"version-history":[{"count":6,"href":"https:\/\/totem.com.pl\/sv\/wp-json\/wp\/v2\/pages\/14981\/revisions"}],"predecessor-version":[{"id":15071,"href":"https:\/\/totem.com.pl\/sv\/wp-json\/wp\/v2\/pages\/14981\/revisions\/15071"}],"wp:attachment":[{"href":"https:\/\/totem.com.pl\/sv\/wp-json\/wp\/v2\/media?parent=14981"}],"curies":[{"name":"wp","href":"https:\/\/api.w.org\/{rel}","templated":true}]}}