{"id":12903,"date":"2023-08-28T12:27:01","date_gmt":"2023-08-28T10:27:01","guid":{"rendered":"https:\/\/totem.com.pl\/zespol-totemu\/"},"modified":"2025-10-30T12:34:53","modified_gmt":"2025-10-30T11:34:53","slug":"equipe","status":"publish","type":"page","link":"https:\/\/totem.com.pl\/fr\/equipe\/","title":{"rendered":"\u00c9quipe"},"content":{"rendered":"","protected":false},"excerpt":{"rendered":"","protected":false},"author":1,"featured_media":0,"parent":0,"menu_order":0,"comment_status":"closed","ping_status":"closed","template":"page-templates\/page-zespol.php","meta":{"_acf_changed":false,"footnotes":""},"class_list":["post-12903","page","type-page","status-publish","hentry"],"acf":[],"yoast_head":"<!-- This site is optimized with the Yoast SEO plugin v27.2 - https:\/\/yoast.com\/product\/yoast-seo-wordpress\/ -->\n<title>\u00c9quipe - Totem - Imprimerie de livres<\/title>\n<meta name=\"description\" content=\"C&#039;est l&#039;\u00e9quipe engag\u00e9e de sp\u00e9cialistes travaillant chez Totem qui garantit la qualit\u00e9 sup\u00e9rieure des livres que nous imprimons.\" \/>\n<meta name=\"robots\" content=\"index, follow, max-snippet:-1, max-image-preview:large, max-video-preview:-1\" \/>\n<link rel=\"canonical\" href=\"https:\/\/totem.com.pl\/fr\/equipe\/\" \/>\n<meta property=\"og:locale\" content=\"fr_FR\" \/>\n<meta property=\"og:type\" content=\"article\" \/>\n<meta property=\"og:title\" content=\"\u00c9quipe - Totem - Imprimerie de livres\" \/>\n<meta property=\"og:description\" content=\"C&#039;est l&#039;\u00e9quipe engag\u00e9e de sp\u00e9cialistes travaillant chez Totem qui garantit la qualit\u00e9 sup\u00e9rieure des livres que nous imprimons.\" \/>\n<meta property=\"og:url\" content=\"https:\/\/totem.com.pl\/fr\/equipe\/\" \/>\n<meta property=\"og:site_name\" content=\"Totem - Imprimerie de livres\" \/>\n<meta property=\"article:modified_time\" content=\"2025-10-30T11:34:53+00:00\" \/>\n<meta name=\"twitter:card\" content=\"summary_large_image\" \/>\n<script type=\"application\/ld+json\" class=\"yoast-schema-graph\">{\"@context\":\"https:\/\/schema.org\",\"@graph\":[{\"@type\":\"WebPage\",\"@id\":\"https:\/\/totem.com.pl\/fr\/equipe\/\",\"url\":\"https:\/\/totem.com.pl\/fr\/equipe\/\",\"name\":\"\u00c9quipe - Totem - Imprimerie de livres\",\"isPartOf\":{\"@id\":\"https:\/\/totem.com.pl\/#website\"},\"datePublished\":\"2023-08-28T10:27:01+00:00\",\"dateModified\":\"2025-10-30T11:34:53+00:00\",\"description\":\"C'est l'\u00e9quipe engag\u00e9e de sp\u00e9cialistes travaillant chez Totem qui garantit la qualit\u00e9 sup\u00e9rieure des livres que nous imprimons.\",\"inLanguage\":\"fr-FR\",\"potentialAction\":[{\"@type\":\"ReadAction\",\"target\":[\"https:\/\/totem.com.pl\/fr\/equipe\/\"]}]},{\"@type\":\"WebSite\",\"@id\":\"https:\/\/totem.com.pl\/#website\",\"url\":\"https:\/\/totem.com.pl\/\",\"name\":\"Totem - Imprimerie de livres\",\"description\":\"Offre pour les \u00e9diteurs et les auto-\u00e9diteurs\",\"potentialAction\":[{\"@type\":\"SearchAction\",\"target\":{\"@type\":\"EntryPoint\",\"urlTemplate\":\"https:\/\/totem.com.pl\/?s={search_term_string}\"},\"query-input\":{\"@type\":\"PropertyValueSpecification\",\"valueRequired\":true,\"valueName\":\"search_term_string\"}}],\"inLanguage\":\"fr-FR\"}]}<\/script>\n<!-- \/ Yoast SEO plugin. -->","yoast_head_json":{"title":"\u00c9quipe - Totem - Imprimerie de livres","description":"C'est l'\u00e9quipe engag\u00e9e de sp\u00e9cialistes travaillant chez Totem qui garantit la qualit\u00e9 sup\u00e9rieure des livres que nous imprimons.","robots":{"index":"index","follow":"follow","max-snippet":"max-snippet:-1","max-image-preview":"max-image-preview:large","max-video-preview":"max-video-preview:-1"},"canonical":"https:\/\/totem.com.pl\/fr\/equipe\/","og_locale":"fr_FR","og_type":"article","og_title":"\u00c9quipe - Totem - Imprimerie de livres","og_description":"C'est l'\u00e9quipe engag\u00e9e de sp\u00e9cialistes travaillant chez Totem qui garantit la qualit\u00e9 sup\u00e9rieure des livres que nous imprimons.","og_url":"https:\/\/totem.com.pl\/fr\/equipe\/","og_site_name":"Totem - Imprimerie de livres","article_modified_time":"2025-10-30T11:34:53+00:00","twitter_card":"summary_large_image","schema":{"@context":"https:\/\/schema.org","@graph":[{"@type":"WebPage","@id":"https:\/\/totem.com.pl\/fr\/equipe\/","url":"https:\/\/totem.com.pl\/fr\/equipe\/","name":"\u00c9quipe - Totem - Imprimerie de livres","isPartOf":{"@id":"https:\/\/totem.com.pl\/#website"},"datePublished":"2023-08-28T10:27:01+00:00","dateModified":"2025-10-30T11:34:53+00:00","description":"C'est l'\u00e9quipe engag\u00e9e de sp\u00e9cialistes travaillant chez Totem qui garantit la qualit\u00e9 sup\u00e9rieure des livres que nous imprimons.","inLanguage":"fr-FR","potentialAction":[{"@type":"ReadAction","target":["https:\/\/totem.com.pl\/fr\/equipe\/"]}]},{"@type":"WebSite","@id":"https:\/\/totem.com.pl\/#website","url":"https:\/\/totem.com.pl\/","name":"Totem - Imprimerie de livres","description":"Offre pour les \u00e9diteurs et les auto-\u00e9diteurs","potentialAction":[{"@type":"SearchAction","target":{"@type":"EntryPoint","urlTemplate":"https:\/\/totem.com.pl\/?s={search_term_string}"},"query-input":{"@type":"PropertyValueSpecification","valueRequired":true,"valueName":"search_term_string"}}],"inLanguage":"fr-FR"}]}},"_links":{"self":[{"href":"https:\/\/totem.com.pl\/fr\/wp-json\/wp\/v2\/pages\/12903","targetHints":{"allow":["GET"]}}],"collection":[{"href":"https:\/\/totem.com.pl\/fr\/wp-json\/wp\/v2\/pages"}],"about":[{"href":"https:\/\/totem.com.pl\/fr\/wp-json\/wp\/v2\/types\/page"}],"author":[{"embeddable":true,"href":"https:\/\/totem.com.pl\/fr\/wp-json\/wp\/v2\/users\/1"}],"replies":[{"embeddable":true,"href":"https:\/\/totem.com.pl\/fr\/wp-json\/wp\/v2\/comments?post=12903"}],"version-history":[{"count":5,"href":"https:\/\/totem.com.pl\/fr\/wp-json\/wp\/v2\/pages\/12903\/revisions"}],"predecessor-version":[{"id":14142,"href":"https:\/\/totem.com.pl\/fr\/wp-json\/wp\/v2\/pages\/12903\/revisions\/14142"}],"wp:attachment":[{"href":"https:\/\/totem.com.pl\/fr\/wp-json\/wp\/v2\/media?parent=12903"}],"curies":[{"name":"wp","href":"https:\/\/api.w.org\/{rel}","templated":true}]}}