{"id":12854,"date":"2023-07-20T10:28:55","date_gmt":"2023-07-20T08:28:55","guid":{"rendered":"https:\/\/totem.com.pl\/kalkulator-okladek\/"},"modified":"2025-05-06T15:54:43","modified_gmt":"2025-05-06T13:54:43","slug":"calculateur-de-couverture","status":"publish","type":"page","link":"https:\/\/totem.com.pl\/fr\/calculateur-de-couverture\/","title":{"rendered":"Calculateur de couverture"},"content":{"rendered":"","protected":false},"excerpt":{"rendered":"","protected":false},"author":1,"featured_media":0,"parent":0,"menu_order":0,"comment_status":"closed","ping_status":"closed","template":"page-templates\/page-kalkulator.php","meta":{"_acf_changed":false,"footnotes":""},"class_list":["post-12854","page","type-page","status-publish","hentry"],"acf":[],"yoast_head":"<!-- This site is optimized with the Yoast SEO plugin v27.2 - https:\/\/yoast.com\/product\/yoast-seo-wordpress\/ -->\n<title>Projekt ok\u0142adki ksi\u0105\u017cki, kalkulator ok\u0142adek - Drukarnia Totem<\/title>\n<meta name=\"description\" content=\"Kalkulator ok\u0142adek to narz\u0119dzie, kt\u00f3re wylicza parametry ok\u0142adek ksi\u0105\u017cek w r\u00f3\u017cnych rodzajach opraw. Projektowanie ok\u0142adek staje si\u0119 prostsze!\" \/>\n<meta name=\"robots\" content=\"index, follow, max-snippet:-1, max-image-preview:large, max-video-preview:-1\" \/>\n<link rel=\"canonical\" href=\"https:\/\/totem.com.pl\/fr\/calculateur-de-couverture\/\" \/>\n<meta property=\"og:locale\" content=\"fr_FR\" \/>\n<meta property=\"og:type\" content=\"article\" \/>\n<meta property=\"og:title\" content=\"Projekt ok\u0142adki ksi\u0105\u017cki, kalkulator ok\u0142adek - Drukarnia Totem\" \/>\n<meta property=\"og:description\" content=\"Kalkulator ok\u0142adek to narz\u0119dzie, kt\u00f3re wylicza parametry ok\u0142adek ksi\u0105\u017cek w r\u00f3\u017cnych rodzajach opraw. Projektowanie ok\u0142adek staje si\u0119 prostsze!\" \/>\n<meta property=\"og:url\" content=\"https:\/\/totem.com.pl\/fr\/calculateur-de-couverture\/\" \/>\n<meta property=\"og:site_name\" content=\"Totem - Imprimerie de livres\" \/>\n<meta property=\"article:modified_time\" content=\"2025-05-06T13:54:43+00:00\" \/>\n<meta name=\"twitter:card\" content=\"summary_large_image\" \/>\n<script type=\"application\/ld+json\" class=\"yoast-schema-graph\">{\"@context\":\"https:\/\/schema.org\",\"@graph\":[{\"@type\":\"WebPage\",\"@id\":\"https:\/\/totem.com.pl\/fr\/calculateur-de-couverture\/\",\"url\":\"https:\/\/totem.com.pl\/fr\/calculateur-de-couverture\/\",\"name\":\"Projekt ok\u0142adki ksi\u0105\u017cki, kalkulator ok\u0142adek - Drukarnia Totem\",\"isPartOf\":{\"@id\":\"https:\/\/totem.com.pl\/#website\"},\"datePublished\":\"2023-07-20T08:28:55+00:00\",\"dateModified\":\"2025-05-06T13:54:43+00:00\",\"description\":\"Kalkulator ok\u0142adek to narz\u0119dzie, kt\u00f3re wylicza parametry ok\u0142adek ksi\u0105\u017cek w r\u00f3\u017cnych rodzajach opraw. Projektowanie ok\u0142adek staje si\u0119 prostsze!\",\"inLanguage\":\"fr-FR\",\"potentialAction\":[{\"@type\":\"ReadAction\",\"target\":[\"https:\/\/totem.com.pl\/fr\/calculateur-de-couverture\/\"]}]},{\"@type\":\"WebSite\",\"@id\":\"https:\/\/totem.com.pl\/#website\",\"url\":\"https:\/\/totem.com.pl\/\",\"name\":\"Totem - Imprimerie de livres\",\"description\":\"Offre pour les \u00e9diteurs et les auto-\u00e9diteurs\",\"potentialAction\":[{\"@type\":\"SearchAction\",\"target\":{\"@type\":\"EntryPoint\",\"urlTemplate\":\"https:\/\/totem.com.pl\/?s={search_term_string}\"},\"query-input\":{\"@type\":\"PropertyValueSpecification\",\"valueRequired\":true,\"valueName\":\"search_term_string\"}}],\"inLanguage\":\"fr-FR\"}]}<\/script>\n<!-- \/ Yoast SEO plugin. -->","yoast_head_json":{"title":"Projekt ok\u0142adki ksi\u0105\u017cki, kalkulator ok\u0142adek - Drukarnia Totem","description":"Kalkulator ok\u0142adek to narz\u0119dzie, kt\u00f3re wylicza parametry ok\u0142adek ksi\u0105\u017cek w r\u00f3\u017cnych rodzajach opraw. Projektowanie ok\u0142adek staje si\u0119 prostsze!","robots":{"index":"index","follow":"follow","max-snippet":"max-snippet:-1","max-image-preview":"max-image-preview:large","max-video-preview":"max-video-preview:-1"},"canonical":"https:\/\/totem.com.pl\/fr\/calculateur-de-couverture\/","og_locale":"fr_FR","og_type":"article","og_title":"Projekt ok\u0142adki ksi\u0105\u017cki, kalkulator ok\u0142adek - Drukarnia Totem","og_description":"Kalkulator ok\u0142adek to narz\u0119dzie, kt\u00f3re wylicza parametry ok\u0142adek ksi\u0105\u017cek w r\u00f3\u017cnych rodzajach opraw. Projektowanie ok\u0142adek staje si\u0119 prostsze!","og_url":"https:\/\/totem.com.pl\/fr\/calculateur-de-couverture\/","og_site_name":"Totem - Imprimerie de livres","article_modified_time":"2025-05-06T13:54:43+00:00","twitter_card":"summary_large_image","schema":{"@context":"https:\/\/schema.org","@graph":[{"@type":"WebPage","@id":"https:\/\/totem.com.pl\/fr\/calculateur-de-couverture\/","url":"https:\/\/totem.com.pl\/fr\/calculateur-de-couverture\/","name":"Projekt ok\u0142adki ksi\u0105\u017cki, kalkulator ok\u0142adek - Drukarnia Totem","isPartOf":{"@id":"https:\/\/totem.com.pl\/#website"},"datePublished":"2023-07-20T08:28:55+00:00","dateModified":"2025-05-06T13:54:43+00:00","description":"Kalkulator ok\u0142adek to narz\u0119dzie, kt\u00f3re wylicza parametry ok\u0142adek ksi\u0105\u017cek w r\u00f3\u017cnych rodzajach opraw. Projektowanie ok\u0142adek staje si\u0119 prostsze!","inLanguage":"fr-FR","potentialAction":[{"@type":"ReadAction","target":["https:\/\/totem.com.pl\/fr\/calculateur-de-couverture\/"]}]},{"@type":"WebSite","@id":"https:\/\/totem.com.pl\/#website","url":"https:\/\/totem.com.pl\/","name":"Totem - Imprimerie de livres","description":"Offre pour les \u00e9diteurs et les auto-\u00e9diteurs","potentialAction":[{"@type":"SearchAction","target":{"@type":"EntryPoint","urlTemplate":"https:\/\/totem.com.pl\/?s={search_term_string}"},"query-input":{"@type":"PropertyValueSpecification","valueRequired":true,"valueName":"search_term_string"}}],"inLanguage":"fr-FR"}]}},"_links":{"self":[{"href":"https:\/\/totem.com.pl\/fr\/wp-json\/wp\/v2\/pages\/12854","targetHints":{"allow":["GET"]}}],"collection":[{"href":"https:\/\/totem.com.pl\/fr\/wp-json\/wp\/v2\/pages"}],"about":[{"href":"https:\/\/totem.com.pl\/fr\/wp-json\/wp\/v2\/types\/page"}],"author":[{"embeddable":true,"href":"https:\/\/totem.com.pl\/fr\/wp-json\/wp\/v2\/users\/1"}],"replies":[{"embeddable":true,"href":"https:\/\/totem.com.pl\/fr\/wp-json\/wp\/v2\/comments?post=12854"}],"version-history":[{"count":2,"href":"https:\/\/totem.com.pl\/fr\/wp-json\/wp\/v2\/pages\/12854\/revisions"}],"predecessor-version":[{"id":12856,"href":"https:\/\/totem.com.pl\/fr\/wp-json\/wp\/v2\/pages\/12854\/revisions\/12856"}],"wp:attachment":[{"href":"https:\/\/totem.com.pl\/fr\/wp-json\/wp\/v2\/media?parent=12854"}],"curies":[{"name":"wp","href":"https:\/\/api.w.org\/{rel}","templated":true}]}}