{"id":12619,"date":"2023-05-30T15:32:29","date_gmt":"2023-05-30T13:32:29","guid":{"rendered":"https:\/\/totem.com.pl\/oferta\/"},"modified":"2025-09-19T12:47:06","modified_gmt":"2025-09-19T10:47:06","slug":"offre","status":"publish","type":"page","link":"https:\/\/totem.com.pl\/fr\/offre\/","title":{"rendered":"Offre"},"content":{"rendered":"","protected":false},"excerpt":{"rendered":"","protected":false},"author":1,"featured_media":0,"parent":0,"menu_order":0,"comment_status":"closed","ping_status":"closed","template":"page-templates\/page-oferta.php","meta":{"_acf_changed":false,"footnotes":""},"class_list":["post-12619","page","type-page","status-publish","hentry"],"acf":[],"yoast_head":"<!-- This site is optimized with the Yoast SEO plugin v27.2 - https:\/\/yoast.com\/product\/yoast-seo-wordpress\/ -->\n<title>Reliure de livres - Imprimerie Totem<\/title>\n<meta name=\"description\" content=\"Notre gamme comprend des livres imprim\u00e9s num\u00e9riquement en petits et moyens tirages. Nous offrons diff\u00e9rents types de reliure pour chaque finition. D\u00e9couvrez-la !\" \/>\n<meta name=\"robots\" content=\"index, follow, max-snippet:-1, max-image-preview:large, max-video-preview:-1\" \/>\n<link rel=\"canonical\" href=\"https:\/\/totem.com.pl\/fr\/offre\/\" \/>\n<meta property=\"og:locale\" content=\"fr_FR\" \/>\n<meta property=\"og:type\" content=\"article\" \/>\n<meta property=\"og:title\" content=\"Reliure de livres - Imprimerie Totem\" \/>\n<meta property=\"og:description\" content=\"Notre gamme comprend des livres imprim\u00e9s num\u00e9riquement en petits et moyens tirages. Nous offrons diff\u00e9rents types de reliure pour chaque finition. D\u00e9couvrez-la !\" \/>\n<meta property=\"og:url\" content=\"https:\/\/totem.com.pl\/fr\/offre\/\" \/>\n<meta property=\"og:site_name\" content=\"Totem - Imprimerie de livres\" \/>\n<meta property=\"article:modified_time\" content=\"2025-09-19T10:47:06+00:00\" \/>\n<meta name=\"twitter:card\" content=\"summary_large_image\" \/>\n<script type=\"application\/ld+json\" class=\"yoast-schema-graph\">{\"@context\":\"https:\/\/schema.org\",\"@graph\":[{\"@type\":\"WebPage\",\"@id\":\"https:\/\/totem.com.pl\/fr\/offre\/\",\"url\":\"https:\/\/totem.com.pl\/fr\/offre\/\",\"name\":\"Reliure de livres - Imprimerie Totem\",\"isPartOf\":{\"@id\":\"https:\/\/totem.com.pl\/#website\"},\"datePublished\":\"2023-05-30T13:32:29+00:00\",\"dateModified\":\"2025-09-19T10:47:06+00:00\",\"description\":\"Notre gamme comprend des livres imprim\u00e9s num\u00e9riquement en petits et moyens tirages. Nous offrons diff\u00e9rents types de reliure pour chaque finition. D\u00e9couvrez-la !\",\"inLanguage\":\"fr-FR\",\"potentialAction\":[{\"@type\":\"ReadAction\",\"target\":[\"https:\/\/totem.com.pl\/fr\/offre\/\"]}]},{\"@type\":\"WebSite\",\"@id\":\"https:\/\/totem.com.pl\/#website\",\"url\":\"https:\/\/totem.com.pl\/\",\"name\":\"Totem - Imprimerie de livres\",\"description\":\"Offre pour les \u00e9diteurs et les auto-\u00e9diteurs\",\"potentialAction\":[{\"@type\":\"SearchAction\",\"target\":{\"@type\":\"EntryPoint\",\"urlTemplate\":\"https:\/\/totem.com.pl\/?s={search_term_string}\"},\"query-input\":{\"@type\":\"PropertyValueSpecification\",\"valueRequired\":true,\"valueName\":\"search_term_string\"}}],\"inLanguage\":\"fr-FR\"}]}<\/script>\n<!-- \/ Yoast SEO plugin. -->","yoast_head_json":{"title":"Reliure de livres - Imprimerie Totem","description":"Notre gamme comprend des livres imprim\u00e9s num\u00e9riquement en petits et moyens tirages. Nous offrons diff\u00e9rents types de reliure pour chaque finition. D\u00e9couvrez-la !","robots":{"index":"index","follow":"follow","max-snippet":"max-snippet:-1","max-image-preview":"max-image-preview:large","max-video-preview":"max-video-preview:-1"},"canonical":"https:\/\/totem.com.pl\/fr\/offre\/","og_locale":"fr_FR","og_type":"article","og_title":"Reliure de livres - Imprimerie Totem","og_description":"Notre gamme comprend des livres imprim\u00e9s num\u00e9riquement en petits et moyens tirages. Nous offrons diff\u00e9rents types de reliure pour chaque finition. D\u00e9couvrez-la !","og_url":"https:\/\/totem.com.pl\/fr\/offre\/","og_site_name":"Totem - Imprimerie de livres","article_modified_time":"2025-09-19T10:47:06+00:00","twitter_card":"summary_large_image","schema":{"@context":"https:\/\/schema.org","@graph":[{"@type":"WebPage","@id":"https:\/\/totem.com.pl\/fr\/offre\/","url":"https:\/\/totem.com.pl\/fr\/offre\/","name":"Reliure de livres - Imprimerie Totem","isPartOf":{"@id":"https:\/\/totem.com.pl\/#website"},"datePublished":"2023-05-30T13:32:29+00:00","dateModified":"2025-09-19T10:47:06+00:00","description":"Notre gamme comprend des livres imprim\u00e9s num\u00e9riquement en petits et moyens tirages. Nous offrons diff\u00e9rents types de reliure pour chaque finition. D\u00e9couvrez-la !","inLanguage":"fr-FR","potentialAction":[{"@type":"ReadAction","target":["https:\/\/totem.com.pl\/fr\/offre\/"]}]},{"@type":"WebSite","@id":"https:\/\/totem.com.pl\/#website","url":"https:\/\/totem.com.pl\/","name":"Totem - Imprimerie de livres","description":"Offre pour les \u00e9diteurs et les auto-\u00e9diteurs","potentialAction":[{"@type":"SearchAction","target":{"@type":"EntryPoint","urlTemplate":"https:\/\/totem.com.pl\/?s={search_term_string}"},"query-input":{"@type":"PropertyValueSpecification","valueRequired":true,"valueName":"search_term_string"}}],"inLanguage":"fr-FR"}]}},"_links":{"self":[{"href":"https:\/\/totem.com.pl\/fr\/wp-json\/wp\/v2\/pages\/12619","targetHints":{"allow":["GET"]}}],"collection":[{"href":"https:\/\/totem.com.pl\/fr\/wp-json\/wp\/v2\/pages"}],"about":[{"href":"https:\/\/totem.com.pl\/fr\/wp-json\/wp\/v2\/types\/page"}],"author":[{"embeddable":true,"href":"https:\/\/totem.com.pl\/fr\/wp-json\/wp\/v2\/users\/1"}],"replies":[{"embeddable":true,"href":"https:\/\/totem.com.pl\/fr\/wp-json\/wp\/v2\/comments?post=12619"}],"version-history":[{"count":8,"href":"https:\/\/totem.com.pl\/fr\/wp-json\/wp\/v2\/pages\/12619\/revisions"}],"predecessor-version":[{"id":12842,"href":"https:\/\/totem.com.pl\/fr\/wp-json\/wp\/v2\/pages\/12619\/revisions\/12842"}],"wp:attachment":[{"href":"https:\/\/totem.com.pl\/fr\/wp-json\/wp\/v2\/media?parent=12619"}],"curies":[{"name":"wp","href":"https:\/\/api.w.org\/{rel}","templated":true}]}}