{"id":12606,"date":"2023-07-27T07:05:02","date_gmt":"2023-07-27T05:05:02","guid":{"rendered":"https:\/\/totem.com.pl\/self-publishing\/"},"modified":"2025-05-14T11:00:31","modified_gmt":"2025-05-14T09:00:31","slug":"auto-edition","status":"publish","type":"page","link":"https:\/\/totem.com.pl\/fr\/auto-edition\/","title":{"rendered":"Auto-\u00e9dition"},"content":{"rendered":"","protected":false},"excerpt":{"rendered":"","protected":false},"author":1,"featured_media":0,"parent":0,"menu_order":0,"comment_status":"closed","ping_status":"closed","template":"page-templates\/page-self-publishing.php","meta":{"_acf_changed":false,"footnotes":""},"class_list":["post-12606","page","type-page","status-publish","hentry"],"acf":[],"yoast_head":"<!-- This site is optimized with the Yoast SEO plugin v27.2 - https:\/\/yoast.com\/product\/yoast-seo-wordpress\/ -->\n<title>Auto-\u00e9dition - Imprimerie de livres Totem<\/title>\n<meta name=\"description\" content=\"Nous imprimons des livres ! Notre offre s&#039;adresse aussi bien aux maisons d&#039;\u00e9dition professionnelles qu&#039;aux auto-\u00e9diteurs. D\u00e9couvrez ce que nous proposons.\" \/>\n<meta name=\"robots\" content=\"index, follow, max-snippet:-1, max-image-preview:large, max-video-preview:-1\" \/>\n<link rel=\"canonical\" href=\"https:\/\/totem.com.pl\/fr\/auto-edition\/\" \/>\n<meta property=\"og:locale\" content=\"fr_FR\" \/>\n<meta property=\"og:type\" content=\"article\" \/>\n<meta property=\"og:title\" content=\"Auto-\u00e9dition - Imprimerie de livres Totem\" \/>\n<meta property=\"og:description\" content=\"Nous imprimons des livres ! Notre offre s&#039;adresse aussi bien aux maisons d&#039;\u00e9dition professionnelles qu&#039;aux auto-\u00e9diteurs. D\u00e9couvrez ce que nous proposons.\" \/>\n<meta property=\"og:url\" content=\"https:\/\/totem.com.pl\/fr\/auto-edition\/\" \/>\n<meta property=\"og:site_name\" content=\"Totem - Imprimerie de livres\" \/>\n<meta property=\"article:modified_time\" content=\"2025-05-14T09:00:31+00:00\" \/>\n<meta name=\"twitter:card\" content=\"summary_large_image\" \/>\n<script type=\"application\/ld+json\" class=\"yoast-schema-graph\">{\"@context\":\"https:\/\/schema.org\",\"@graph\":[{\"@type\":\"WebPage\",\"@id\":\"https:\/\/totem.com.pl\/fr\/auto-edition\/\",\"url\":\"https:\/\/totem.com.pl\/fr\/auto-edition\/\",\"name\":\"Auto-\u00e9dition - Imprimerie de livres Totem\",\"isPartOf\":{\"@id\":\"https:\/\/totem.com.pl\/#website\"},\"datePublished\":\"2023-07-27T05:05:02+00:00\",\"dateModified\":\"2025-05-14T09:00:31+00:00\",\"description\":\"Nous imprimons des livres ! Notre offre s'adresse aussi bien aux maisons d'\u00e9dition professionnelles qu'aux auto-\u00e9diteurs. D\u00e9couvrez ce que nous proposons.\",\"inLanguage\":\"fr-FR\",\"potentialAction\":[{\"@type\":\"ReadAction\",\"target\":[\"https:\/\/totem.com.pl\/fr\/auto-edition\/\"]}]},{\"@type\":\"WebSite\",\"@id\":\"https:\/\/totem.com.pl\/#website\",\"url\":\"https:\/\/totem.com.pl\/\",\"name\":\"Totem - Imprimerie de livres\",\"description\":\"Offre pour les \u00e9diteurs et les auto-\u00e9diteurs\",\"potentialAction\":[{\"@type\":\"SearchAction\",\"target\":{\"@type\":\"EntryPoint\",\"urlTemplate\":\"https:\/\/totem.com.pl\/?s={search_term_string}\"},\"query-input\":{\"@type\":\"PropertyValueSpecification\",\"valueRequired\":true,\"valueName\":\"search_term_string\"}}],\"inLanguage\":\"fr-FR\"}]}<\/script>\n<!-- \/ Yoast SEO plugin. -->","yoast_head_json":{"title":"Auto-\u00e9dition - Imprimerie de livres Totem","description":"Nous imprimons des livres ! Notre offre s'adresse aussi bien aux maisons d'\u00e9dition professionnelles qu'aux auto-\u00e9diteurs. D\u00e9couvrez ce que nous proposons.","robots":{"index":"index","follow":"follow","max-snippet":"max-snippet:-1","max-image-preview":"max-image-preview:large","max-video-preview":"max-video-preview:-1"},"canonical":"https:\/\/totem.com.pl\/fr\/auto-edition\/","og_locale":"fr_FR","og_type":"article","og_title":"Auto-\u00e9dition - Imprimerie de livres Totem","og_description":"Nous imprimons des livres ! Notre offre s'adresse aussi bien aux maisons d'\u00e9dition professionnelles qu'aux auto-\u00e9diteurs. D\u00e9couvrez ce que nous proposons.","og_url":"https:\/\/totem.com.pl\/fr\/auto-edition\/","og_site_name":"Totem - Imprimerie de livres","article_modified_time":"2025-05-14T09:00:31+00:00","twitter_card":"summary_large_image","schema":{"@context":"https:\/\/schema.org","@graph":[{"@type":"WebPage","@id":"https:\/\/totem.com.pl\/fr\/auto-edition\/","url":"https:\/\/totem.com.pl\/fr\/auto-edition\/","name":"Auto-\u00e9dition - Imprimerie de livres Totem","isPartOf":{"@id":"https:\/\/totem.com.pl\/#website"},"datePublished":"2023-07-27T05:05:02+00:00","dateModified":"2025-05-14T09:00:31+00:00","description":"Nous imprimons des livres ! Notre offre s'adresse aussi bien aux maisons d'\u00e9dition professionnelles qu'aux auto-\u00e9diteurs. D\u00e9couvrez ce que nous proposons.","inLanguage":"fr-FR","potentialAction":[{"@type":"ReadAction","target":["https:\/\/totem.com.pl\/fr\/auto-edition\/"]}]},{"@type":"WebSite","@id":"https:\/\/totem.com.pl\/#website","url":"https:\/\/totem.com.pl\/","name":"Totem - Imprimerie de livres","description":"Offre pour les \u00e9diteurs et les auto-\u00e9diteurs","potentialAction":[{"@type":"SearchAction","target":{"@type":"EntryPoint","urlTemplate":"https:\/\/totem.com.pl\/?s={search_term_string}"},"query-input":{"@type":"PropertyValueSpecification","valueRequired":true,"valueName":"search_term_string"}}],"inLanguage":"fr-FR"}]}},"_links":{"self":[{"href":"https:\/\/totem.com.pl\/fr\/wp-json\/wp\/v2\/pages\/12606","targetHints":{"allow":["GET"]}}],"collection":[{"href":"https:\/\/totem.com.pl\/fr\/wp-json\/wp\/v2\/pages"}],"about":[{"href":"https:\/\/totem.com.pl\/fr\/wp-json\/wp\/v2\/types\/page"}],"author":[{"embeddable":true,"href":"https:\/\/totem.com.pl\/fr\/wp-json\/wp\/v2\/users\/1"}],"replies":[{"embeddable":true,"href":"https:\/\/totem.com.pl\/fr\/wp-json\/wp\/v2\/comments?post=12606"}],"version-history":[{"count":7,"href":"https:\/\/totem.com.pl\/fr\/wp-json\/wp\/v2\/pages\/12606\/revisions"}],"predecessor-version":[{"id":12839,"href":"https:\/\/totem.com.pl\/fr\/wp-json\/wp\/v2\/pages\/12606\/revisions\/12839"}],"wp:attachment":[{"href":"https:\/\/totem.com.pl\/fr\/wp-json\/wp\/v2\/media?parent=12606"}],"curies":[{"name":"wp","href":"https:\/\/api.w.org\/{rel}","templated":true}]}}