{"id":12562,"date":"2023-05-30T15:33:20","date_gmt":"2023-05-30T13:33:20","guid":{"rendered":"https:\/\/totem.com.pl\/uszlachetnienia\/"},"modified":"2025-05-15T11:39:15","modified_gmt":"2025-05-15T09:39:15","slug":"finitions","status":"publish","type":"page","link":"https:\/\/totem.com.pl\/fr\/finitions\/","title":{"rendered":"Finitions"},"content":{"rendered":"","protected":false},"excerpt":{"rendered":"","protected":false},"author":1,"featured_media":0,"parent":0,"menu_order":0,"comment_status":"closed","ping_status":"closed","template":"page-templates\/page-uszlachetnienia.php","meta":{"_acf_changed":false,"footnotes":""},"class_list":["post-12562","page","type-page","status-publish","hentry"],"acf":[],"yoast_head":"<!-- This site is optimized with the Yoast SEO plugin v27.2 - https:\/\/yoast.com\/product\/yoast-seo-wordpress\/ -->\n<title>Finitions - Imprimerie Totem<\/title>\n<meta name=\"description\" content=\"Vous trouverez de nombreuses fa\u00e7ons de rendre votre couverture plus attrayante, qu&#039;il s&#039;agisse de finitions traditionnelles ou num\u00e9riques. D\u00e9couvrez nos possibilit\u00e9s!\" \/>\n<meta name=\"robots\" content=\"index, follow, max-snippet:-1, max-image-preview:large, max-video-preview:-1\" \/>\n<link rel=\"canonical\" href=\"https:\/\/totem.com.pl\/fr\/finitions\/\" \/>\n<meta property=\"og:locale\" content=\"fr_FR\" \/>\n<meta property=\"og:type\" content=\"article\" \/>\n<meta property=\"og:title\" content=\"Finitions - Imprimerie Totem\" \/>\n<meta property=\"og:description\" content=\"Vous trouverez de nombreuses fa\u00e7ons de rendre votre couverture plus attrayante, qu&#039;il s&#039;agisse de finitions traditionnelles ou num\u00e9riques. D\u00e9couvrez nos possibilit\u00e9s!\" \/>\n<meta property=\"og:url\" content=\"https:\/\/totem.com.pl\/fr\/finitions\/\" \/>\n<meta property=\"og:site_name\" content=\"Totem - Imprimerie de livres\" \/>\n<meta property=\"article:modified_time\" content=\"2025-05-15T09:39:15+00:00\" \/>\n<meta name=\"twitter:card\" content=\"summary_large_image\" \/>\n<script type=\"application\/ld+json\" class=\"yoast-schema-graph\">{\"@context\":\"https:\/\/schema.org\",\"@graph\":[{\"@type\":\"WebPage\",\"@id\":\"https:\/\/totem.com.pl\/fr\/finitions\/\",\"url\":\"https:\/\/totem.com.pl\/fr\/finitions\/\",\"name\":\"Finitions - Imprimerie Totem\",\"isPartOf\":{\"@id\":\"https:\/\/totem.com.pl\/#website\"},\"datePublished\":\"2023-05-30T13:33:20+00:00\",\"dateModified\":\"2025-05-15T09:39:15+00:00\",\"description\":\"Vous trouverez de nombreuses fa\u00e7ons de rendre votre couverture plus attrayante, qu'il s'agisse de finitions traditionnelles ou num\u00e9riques. D\u00e9couvrez nos possibilit\u00e9s!\",\"inLanguage\":\"fr-FR\",\"potentialAction\":[{\"@type\":\"ReadAction\",\"target\":[\"https:\/\/totem.com.pl\/fr\/finitions\/\"]}]},{\"@type\":\"WebSite\",\"@id\":\"https:\/\/totem.com.pl\/#website\",\"url\":\"https:\/\/totem.com.pl\/\",\"name\":\"Totem - Imprimerie de livres\",\"description\":\"Offre pour les \u00e9diteurs et les auto-\u00e9diteurs\",\"potentialAction\":[{\"@type\":\"SearchAction\",\"target\":{\"@type\":\"EntryPoint\",\"urlTemplate\":\"https:\/\/totem.com.pl\/?s={search_term_string}\"},\"query-input\":{\"@type\":\"PropertyValueSpecification\",\"valueRequired\":true,\"valueName\":\"search_term_string\"}}],\"inLanguage\":\"fr-FR\"}]}<\/script>\n<!-- \/ Yoast SEO plugin. -->","yoast_head_json":{"title":"Finitions - Imprimerie Totem","description":"Vous trouverez de nombreuses fa\u00e7ons de rendre votre couverture plus attrayante, qu'il s'agisse de finitions traditionnelles ou num\u00e9riques. D\u00e9couvrez nos possibilit\u00e9s!","robots":{"index":"index","follow":"follow","max-snippet":"max-snippet:-1","max-image-preview":"max-image-preview:large","max-video-preview":"max-video-preview:-1"},"canonical":"https:\/\/totem.com.pl\/fr\/finitions\/","og_locale":"fr_FR","og_type":"article","og_title":"Finitions - Imprimerie Totem","og_description":"Vous trouverez de nombreuses fa\u00e7ons de rendre votre couverture plus attrayante, qu'il s'agisse de finitions traditionnelles ou num\u00e9riques. D\u00e9couvrez nos possibilit\u00e9s!","og_url":"https:\/\/totem.com.pl\/fr\/finitions\/","og_site_name":"Totem - Imprimerie de livres","article_modified_time":"2025-05-15T09:39:15+00:00","twitter_card":"summary_large_image","schema":{"@context":"https:\/\/schema.org","@graph":[{"@type":"WebPage","@id":"https:\/\/totem.com.pl\/fr\/finitions\/","url":"https:\/\/totem.com.pl\/fr\/finitions\/","name":"Finitions - Imprimerie Totem","isPartOf":{"@id":"https:\/\/totem.com.pl\/#website"},"datePublished":"2023-05-30T13:33:20+00:00","dateModified":"2025-05-15T09:39:15+00:00","description":"Vous trouverez de nombreuses fa\u00e7ons de rendre votre couverture plus attrayante, qu'il s'agisse de finitions traditionnelles ou num\u00e9riques. D\u00e9couvrez nos possibilit\u00e9s!","inLanguage":"fr-FR","potentialAction":[{"@type":"ReadAction","target":["https:\/\/totem.com.pl\/fr\/finitions\/"]}]},{"@type":"WebSite","@id":"https:\/\/totem.com.pl\/#website","url":"https:\/\/totem.com.pl\/","name":"Totem - Imprimerie de livres","description":"Offre pour les \u00e9diteurs et les auto-\u00e9diteurs","potentialAction":[{"@type":"SearchAction","target":{"@type":"EntryPoint","urlTemplate":"https:\/\/totem.com.pl\/?s={search_term_string}"},"query-input":{"@type":"PropertyValueSpecification","valueRequired":true,"valueName":"search_term_string"}}],"inLanguage":"fr-FR"}]}},"_links":{"self":[{"href":"https:\/\/totem.com.pl\/fr\/wp-json\/wp\/v2\/pages\/12562","targetHints":{"allow":["GET"]}}],"collection":[{"href":"https:\/\/totem.com.pl\/fr\/wp-json\/wp\/v2\/pages"}],"about":[{"href":"https:\/\/totem.com.pl\/fr\/wp-json\/wp\/v2\/types\/page"}],"author":[{"embeddable":true,"href":"https:\/\/totem.com.pl\/fr\/wp-json\/wp\/v2\/users\/1"}],"replies":[{"embeddable":true,"href":"https:\/\/totem.com.pl\/fr\/wp-json\/wp\/v2\/comments?post=12562"}],"version-history":[{"count":6,"href":"https:\/\/totem.com.pl\/fr\/wp-json\/wp\/v2\/pages\/12562\/revisions"}],"predecessor-version":[{"id":12844,"href":"https:\/\/totem.com.pl\/fr\/wp-json\/wp\/v2\/pages\/12562\/revisions\/12844"}],"wp:attachment":[{"href":"https:\/\/totem.com.pl\/fr\/wp-json\/wp\/v2\/media?parent=12562"}],"curies":[{"name":"wp","href":"https:\/\/api.w.org\/{rel}","templated":true}]}}