{"id":14696,"date":"2024-10-24T11:10:16","date_gmt":"2024-10-24T09:10:16","guid":{"rendered":"https:\/\/totem.com.pl\/green-book\/"},"modified":"2026-02-25T12:13:34","modified_gmt":"2026-02-25T11:13:34","slug":"green-book","status":"publish","type":"page","link":"https:\/\/totem.com.pl\/es\/green-book\/","title":{"rendered":"GREEN BOOK"},"content":{"rendered":"","protected":false},"excerpt":{"rendered":"","protected":false},"author":3,"featured_media":0,"parent":0,"menu_order":0,"comment_status":"closed","ping_status":"closed","template":"","meta":{"_acf_changed":false,"footnotes":""},"class_list":["post-14696","page","type-page","status-publish","hentry"],"acf":[],"yoast_head":"<!-- This site is optimized with the Yoast SEO plugin v27.2 - https:\/\/yoast.com\/product\/yoast-seo-wordpress\/ -->\n<title>GREEN BOOK - Totem: imprenta digital de libros<\/title>\n<meta name=\"description\" content=\"Green Book es una tecnolog\u00eda propia y ecol\u00f3gica para la producci\u00f3n de libros en la imprenta Totem.com.pl. \u00a1Desc\u00fabrela!\" \/>\n<meta name=\"robots\" content=\"index, follow, max-snippet:-1, max-image-preview:large, max-video-preview:-1\" \/>\n<link rel=\"canonical\" href=\"https:\/\/totem.com.pl\/es\/green-book\/\" \/>\n<meta property=\"og:locale\" content=\"es_ES\" \/>\n<meta property=\"og:type\" content=\"article\" \/>\n<meta property=\"og:title\" content=\"GREEN BOOK - Totem: imprenta digital de libros\" \/>\n<meta property=\"og:description\" content=\"Green Book es una tecnolog\u00eda propia y ecol\u00f3gica para la producci\u00f3n de libros en la imprenta Totem.com.pl. \u00a1Desc\u00fabrela!\" \/>\n<meta property=\"og:url\" content=\"https:\/\/totem.com.pl\/es\/green-book\/\" \/>\n<meta property=\"og:site_name\" content=\"Totem: imprenta digital de libros\" \/>\n<meta property=\"article:modified_time\" content=\"2026-02-25T11:13:34+00:00\" \/>\n<meta name=\"twitter:card\" content=\"summary_large_image\" \/>\n<script type=\"application\/ld+json\" class=\"yoast-schema-graph\">{\"@context\":\"https:\/\/schema.org\",\"@graph\":[{\"@type\":\"WebPage\",\"@id\":\"https:\/\/totem.com.pl\/es\/green-book\/\",\"url\":\"https:\/\/totem.com.pl\/es\/green-book\/\",\"name\":\"GREEN BOOK - Totem: imprenta digital de libros\",\"isPartOf\":{\"@id\":\"https:\/\/totem.com.pl\/#website\"},\"datePublished\":\"2024-10-24T09:10:16+00:00\",\"dateModified\":\"2026-02-25T11:13:34+00:00\",\"description\":\"Green Book es una tecnolog\u00eda propia y ecol\u00f3gica para la producci\u00f3n de libros en la imprenta Totem.com.pl. \u00a1Desc\u00fabrela!\",\"inLanguage\":\"es\",\"potentialAction\":[{\"@type\":\"ReadAction\",\"target\":[\"https:\/\/totem.com.pl\/es\/green-book\/\"]}]},{\"@type\":\"WebSite\",\"@id\":\"https:\/\/totem.com.pl\/#website\",\"url\":\"https:\/\/totem.com.pl\/\",\"name\":\"Totem: imprenta digital de libros\",\"description\":\"Oferta para editoriales y autoeditores\",\"potentialAction\":[{\"@type\":\"SearchAction\",\"target\":{\"@type\":\"EntryPoint\",\"urlTemplate\":\"https:\/\/totem.com.pl\/?s={search_term_string}\"},\"query-input\":{\"@type\":\"PropertyValueSpecification\",\"valueRequired\":true,\"valueName\":\"search_term_string\"}}],\"inLanguage\":\"es\"}]}<\/script>\n<!-- \/ Yoast SEO plugin. -->","yoast_head_json":{"title":"GREEN BOOK - Totem: imprenta digital de libros","description":"Green Book es una tecnolog\u00eda propia y ecol\u00f3gica para la producci\u00f3n de libros en la imprenta Totem.com.pl. \u00a1Desc\u00fabrela!","robots":{"index":"index","follow":"follow","max-snippet":"max-snippet:-1","max-image-preview":"max-image-preview:large","max-video-preview":"max-video-preview:-1"},"canonical":"https:\/\/totem.com.pl\/es\/green-book\/","og_locale":"es_ES","og_type":"article","og_title":"GREEN BOOK - Totem: imprenta digital de libros","og_description":"Green Book es una tecnolog\u00eda propia y ecol\u00f3gica para la producci\u00f3n de libros en la imprenta Totem.com.pl. \u00a1Desc\u00fabrela!","og_url":"https:\/\/totem.com.pl\/es\/green-book\/","og_site_name":"Totem: imprenta digital de libros","article_modified_time":"2026-02-25T11:13:34+00:00","twitter_card":"summary_large_image","schema":{"@context":"https:\/\/schema.org","@graph":[{"@type":"WebPage","@id":"https:\/\/totem.com.pl\/es\/green-book\/","url":"https:\/\/totem.com.pl\/es\/green-book\/","name":"GREEN BOOK - Totem: imprenta digital de libros","isPartOf":{"@id":"https:\/\/totem.com.pl\/#website"},"datePublished":"2024-10-24T09:10:16+00:00","dateModified":"2026-02-25T11:13:34+00:00","description":"Green Book es una tecnolog\u00eda propia y ecol\u00f3gica para la producci\u00f3n de libros en la imprenta Totem.com.pl. \u00a1Desc\u00fabrela!","inLanguage":"es","potentialAction":[{"@type":"ReadAction","target":["https:\/\/totem.com.pl\/es\/green-book\/"]}]},{"@type":"WebSite","@id":"https:\/\/totem.com.pl\/#website","url":"https:\/\/totem.com.pl\/","name":"Totem: imprenta digital de libros","description":"Oferta para editoriales y autoeditores","potentialAction":[{"@type":"SearchAction","target":{"@type":"EntryPoint","urlTemplate":"https:\/\/totem.com.pl\/?s={search_term_string}"},"query-input":{"@type":"PropertyValueSpecification","valueRequired":true,"valueName":"search_term_string"}}],"inLanguage":"es"}]}},"_links":{"self":[{"href":"https:\/\/totem.com.pl\/es\/wp-json\/wp\/v2\/pages\/14696","targetHints":{"allow":["GET"]}}],"collection":[{"href":"https:\/\/totem.com.pl\/es\/wp-json\/wp\/v2\/pages"}],"about":[{"href":"https:\/\/totem.com.pl\/es\/wp-json\/wp\/v2\/types\/page"}],"author":[{"embeddable":true,"href":"https:\/\/totem.com.pl\/es\/wp-json\/wp\/v2\/users\/3"}],"replies":[{"embeddable":true,"href":"https:\/\/totem.com.pl\/es\/wp-json\/wp\/v2\/comments?post=14696"}],"version-history":[{"count":7,"href":"https:\/\/totem.com.pl\/es\/wp-json\/wp\/v2\/pages\/14696\/revisions"}],"predecessor-version":[{"id":14704,"href":"https:\/\/totem.com.pl\/es\/wp-json\/wp\/v2\/pages\/14696\/revisions\/14704"}],"wp:attachment":[{"href":"https:\/\/totem.com.pl\/es\/wp-json\/wp\/v2\/media?parent=14696"}],"curies":[{"name":"wp","href":"https:\/\/api.w.org\/{rel}","templated":true}]}}