{"id":14294,"date":"2023-08-30T08:27:50","date_gmt":"2023-08-30T06:27:50","guid":{"rendered":"https:\/\/totem.com.pl\/nasze-standardy\/"},"modified":"2025-11-20T09:03:40","modified_gmt":"2025-11-20T08:03:40","slug":"nuestros-estandares","status":"publish","type":"page","link":"https:\/\/totem.com.pl\/es\/nuestros-estandares\/","title":{"rendered":"Nuestros est\u00e1ndares"},"content":{"rendered":"","protected":false},"excerpt":{"rendered":"","protected":false},"author":1,"featured_media":0,"parent":0,"menu_order":0,"comment_status":"closed","ping_status":"closed","template":"page-templates\/page-standardy.php","meta":{"_acf_changed":false,"footnotes":""},"class_list":["post-14294","page","type-page","status-publish","hentry"],"acf":[],"yoast_head":"<!-- This site is optimized with the Yoast SEO plugin v27.2 - https:\/\/yoast.com\/product\/yoast-seo-wordpress\/ -->\n<title>Nuestros est\u00e1ndares - Totem: imprenta digital de libros<\/title>\n<meta name=\"description\" content=\"Al imprimir libros, apostamos por el desarrollo, la tecnolog\u00eda y las buenas relaciones. Nos importa que nuestros libros sean de la m\u00e1xima calidad.\" \/>\n<meta name=\"robots\" content=\"index, follow, max-snippet:-1, max-image-preview:large, max-video-preview:-1\" \/>\n<link rel=\"canonical\" href=\"https:\/\/totem.com.pl\/es\/nuestros-estandares\/\" \/>\n<meta property=\"og:locale\" content=\"es_ES\" \/>\n<meta property=\"og:type\" content=\"article\" \/>\n<meta property=\"og:title\" content=\"Nuestros est\u00e1ndares - Totem: imprenta digital de libros\" \/>\n<meta property=\"og:description\" content=\"Al imprimir libros, apostamos por el desarrollo, la tecnolog\u00eda y las buenas relaciones. Nos importa que nuestros libros sean de la m\u00e1xima calidad.\" \/>\n<meta property=\"og:url\" content=\"https:\/\/totem.com.pl\/es\/nuestros-estandares\/\" \/>\n<meta property=\"og:site_name\" content=\"Totem: imprenta digital de libros\" \/>\n<meta property=\"article:modified_time\" content=\"2025-11-20T08:03:40+00:00\" \/>\n<meta name=\"twitter:card\" content=\"summary_large_image\" \/>\n<script type=\"application\/ld+json\" class=\"yoast-schema-graph\">{\"@context\":\"https:\/\/schema.org\",\"@graph\":[{\"@type\":\"WebPage\",\"@id\":\"https:\/\/totem.com.pl\/es\/nuestros-estandares\/\",\"url\":\"https:\/\/totem.com.pl\/es\/nuestros-estandares\/\",\"name\":\"Nuestros est\u00e1ndares - Totem: imprenta digital de libros\",\"isPartOf\":{\"@id\":\"https:\/\/totem.com.pl\/#website\"},\"datePublished\":\"2023-08-30T06:27:50+00:00\",\"dateModified\":\"2025-11-20T08:03:40+00:00\",\"description\":\"Al imprimir libros, apostamos por el desarrollo, la tecnolog\u00eda y las buenas relaciones. Nos importa que nuestros libros sean de la m\u00e1xima calidad.\",\"inLanguage\":\"es\",\"potentialAction\":[{\"@type\":\"ReadAction\",\"target\":[\"https:\/\/totem.com.pl\/es\/nuestros-estandares\/\"]}]},{\"@type\":\"WebSite\",\"@id\":\"https:\/\/totem.com.pl\/#website\",\"url\":\"https:\/\/totem.com.pl\/\",\"name\":\"Totem: imprenta digital de libros\",\"description\":\"Oferta para editoriales y autoeditores\",\"potentialAction\":[{\"@type\":\"SearchAction\",\"target\":{\"@type\":\"EntryPoint\",\"urlTemplate\":\"https:\/\/totem.com.pl\/?s={search_term_string}\"},\"query-input\":{\"@type\":\"PropertyValueSpecification\",\"valueRequired\":true,\"valueName\":\"search_term_string\"}}],\"inLanguage\":\"es\"}]}<\/script>\n<!-- \/ Yoast SEO plugin. -->","yoast_head_json":{"title":"Nuestros est\u00e1ndares - Totem: imprenta digital de libros","description":"Al imprimir libros, apostamos por el desarrollo, la tecnolog\u00eda y las buenas relaciones. Nos importa que nuestros libros sean de la m\u00e1xima calidad.","robots":{"index":"index","follow":"follow","max-snippet":"max-snippet:-1","max-image-preview":"max-image-preview:large","max-video-preview":"max-video-preview:-1"},"canonical":"https:\/\/totem.com.pl\/es\/nuestros-estandares\/","og_locale":"es_ES","og_type":"article","og_title":"Nuestros est\u00e1ndares - Totem: imprenta digital de libros","og_description":"Al imprimir libros, apostamos por el desarrollo, la tecnolog\u00eda y las buenas relaciones. Nos importa que nuestros libros sean de la m\u00e1xima calidad.","og_url":"https:\/\/totem.com.pl\/es\/nuestros-estandares\/","og_site_name":"Totem: imprenta digital de libros","article_modified_time":"2025-11-20T08:03:40+00:00","twitter_card":"summary_large_image","schema":{"@context":"https:\/\/schema.org","@graph":[{"@type":"WebPage","@id":"https:\/\/totem.com.pl\/es\/nuestros-estandares\/","url":"https:\/\/totem.com.pl\/es\/nuestros-estandares\/","name":"Nuestros est\u00e1ndares - Totem: imprenta digital de libros","isPartOf":{"@id":"https:\/\/totem.com.pl\/#website"},"datePublished":"2023-08-30T06:27:50+00:00","dateModified":"2025-11-20T08:03:40+00:00","description":"Al imprimir libros, apostamos por el desarrollo, la tecnolog\u00eda y las buenas relaciones. Nos importa que nuestros libros sean de la m\u00e1xima calidad.","inLanguage":"es","potentialAction":[{"@type":"ReadAction","target":["https:\/\/totem.com.pl\/es\/nuestros-estandares\/"]}]},{"@type":"WebSite","@id":"https:\/\/totem.com.pl\/#website","url":"https:\/\/totem.com.pl\/","name":"Totem: imprenta digital de libros","description":"Oferta para editoriales y autoeditores","potentialAction":[{"@type":"SearchAction","target":{"@type":"EntryPoint","urlTemplate":"https:\/\/totem.com.pl\/?s={search_term_string}"},"query-input":{"@type":"PropertyValueSpecification","valueRequired":true,"valueName":"search_term_string"}}],"inLanguage":"es"}]}},"_links":{"self":[{"href":"https:\/\/totem.com.pl\/es\/wp-json\/wp\/v2\/pages\/14294","targetHints":{"allow":["GET"]}}],"collection":[{"href":"https:\/\/totem.com.pl\/es\/wp-json\/wp\/v2\/pages"}],"about":[{"href":"https:\/\/totem.com.pl\/es\/wp-json\/wp\/v2\/types\/page"}],"author":[{"embeddable":true,"href":"https:\/\/totem.com.pl\/es\/wp-json\/wp\/v2\/users\/1"}],"replies":[{"embeddable":true,"href":"https:\/\/totem.com.pl\/es\/wp-json\/wp\/v2\/comments?post=14294"}],"version-history":[{"count":6,"href":"https:\/\/totem.com.pl\/es\/wp-json\/wp\/v2\/pages\/14294\/revisions"}],"predecessor-version":[{"id":14301,"href":"https:\/\/totem.com.pl\/es\/wp-json\/wp\/v2\/pages\/14294\/revisions\/14301"}],"wp:attachment":[{"href":"https:\/\/totem.com.pl\/es\/wp-json\/wp\/v2\/media?parent=14294"}],"curies":[{"name":"wp","href":"https:\/\/api.w.org\/{rel}","templated":true}]}}