{"id":13835,"date":"2023-07-27T07:05:02","date_gmt":"2023-07-27T05:05:02","guid":{"rendered":"https:\/\/totem.com.pl\/self-publishing\/"},"modified":"2025-11-06T09:58:13","modified_gmt":"2025-11-06T08:58:13","slug":"autopublicacion","status":"publish","type":"page","link":"https:\/\/totem.com.pl\/es\/autopublicacion\/","title":{"rendered":"Autopublicaci\u00f3n"},"content":{"rendered":"","protected":false},"excerpt":{"rendered":"","protected":false},"author":1,"featured_media":0,"parent":0,"menu_order":0,"comment_status":"closed","ping_status":"closed","template":"page-templates\/page-self-publishing.php","meta":{"_acf_changed":false,"footnotes":""},"class_list":["post-13835","page","type-page","status-publish","hentry"],"acf":[],"yoast_head":"<!-- This site is optimized with the Yoast SEO plugin v27.2 - https:\/\/yoast.com\/product\/yoast-seo-wordpress\/ -->\n<title>Autopublicaci\u00f3n - Totem: imprenta de libros<\/title>\n<meta name=\"description\" content=\"Apoyamos a quienes publican sus propios libros.Te ofrecemos consejos y ayuda como self-publisher, orient\u00e1ndote y ense\u00f1\u00e1ndote en el proceso.\" \/>\n<meta name=\"robots\" content=\"index, follow, max-snippet:-1, max-image-preview:large, max-video-preview:-1\" \/>\n<link rel=\"canonical\" href=\"https:\/\/totem.com.pl\/es\/autopublicacion\/\" \/>\n<meta property=\"og:locale\" content=\"es_ES\" \/>\n<meta property=\"og:type\" content=\"article\" \/>\n<meta property=\"og:title\" content=\"Autopublicaci\u00f3n - Totem: imprenta de libros\" \/>\n<meta property=\"og:description\" content=\"Apoyamos a quienes publican sus propios libros.Te ofrecemos consejos y ayuda como self-publisher, orient\u00e1ndote y ense\u00f1\u00e1ndote en el proceso.\" \/>\n<meta property=\"og:url\" content=\"https:\/\/totem.com.pl\/es\/autopublicacion\/\" \/>\n<meta property=\"og:site_name\" content=\"Totem: imprenta digital de libros\" \/>\n<meta property=\"article:modified_time\" content=\"2025-11-06T08:58:13+00:00\" \/>\n<meta name=\"twitter:card\" content=\"summary_large_image\" \/>\n<script type=\"application\/ld+json\" class=\"yoast-schema-graph\">{\"@context\":\"https:\/\/schema.org\",\"@graph\":[{\"@type\":\"WebPage\",\"@id\":\"https:\/\/totem.com.pl\/es\/autopublicacion\/\",\"url\":\"https:\/\/totem.com.pl\/es\/autopublicacion\/\",\"name\":\"Autopublicaci\u00f3n - Totem: imprenta de libros\",\"isPartOf\":{\"@id\":\"https:\/\/totem.com.pl\/#website\"},\"datePublished\":\"2023-07-27T05:05:02+00:00\",\"dateModified\":\"2025-11-06T08:58:13+00:00\",\"description\":\"Apoyamos a quienes publican sus propios libros.Te ofrecemos consejos y ayuda como self-publisher, orient\u00e1ndote y ense\u00f1\u00e1ndote en el proceso.\",\"inLanguage\":\"es\",\"potentialAction\":[{\"@type\":\"ReadAction\",\"target\":[\"https:\/\/totem.com.pl\/es\/autopublicacion\/\"]}]},{\"@type\":\"WebSite\",\"@id\":\"https:\/\/totem.com.pl\/#website\",\"url\":\"https:\/\/totem.com.pl\/\",\"name\":\"Totem: imprenta digital de libros\",\"description\":\"Oferta para editoriales y autoeditores\",\"potentialAction\":[{\"@type\":\"SearchAction\",\"target\":{\"@type\":\"EntryPoint\",\"urlTemplate\":\"https:\/\/totem.com.pl\/?s={search_term_string}\"},\"query-input\":{\"@type\":\"PropertyValueSpecification\",\"valueRequired\":true,\"valueName\":\"search_term_string\"}}],\"inLanguage\":\"es\"}]}<\/script>\n<!-- \/ Yoast SEO plugin. -->","yoast_head_json":{"title":"Autopublicaci\u00f3n - Totem: imprenta de libros","description":"Apoyamos a quienes publican sus propios libros.Te ofrecemos consejos y ayuda como self-publisher, orient\u00e1ndote y ense\u00f1\u00e1ndote en el proceso.","robots":{"index":"index","follow":"follow","max-snippet":"max-snippet:-1","max-image-preview":"max-image-preview:large","max-video-preview":"max-video-preview:-1"},"canonical":"https:\/\/totem.com.pl\/es\/autopublicacion\/","og_locale":"es_ES","og_type":"article","og_title":"Autopublicaci\u00f3n - Totem: imprenta de libros","og_description":"Apoyamos a quienes publican sus propios libros.Te ofrecemos consejos y ayuda como self-publisher, orient\u00e1ndote y ense\u00f1\u00e1ndote en el proceso.","og_url":"https:\/\/totem.com.pl\/es\/autopublicacion\/","og_site_name":"Totem: imprenta digital de libros","article_modified_time":"2025-11-06T08:58:13+00:00","twitter_card":"summary_large_image","schema":{"@context":"https:\/\/schema.org","@graph":[{"@type":"WebPage","@id":"https:\/\/totem.com.pl\/es\/autopublicacion\/","url":"https:\/\/totem.com.pl\/es\/autopublicacion\/","name":"Autopublicaci\u00f3n - Totem: imprenta de libros","isPartOf":{"@id":"https:\/\/totem.com.pl\/#website"},"datePublished":"2023-07-27T05:05:02+00:00","dateModified":"2025-11-06T08:58:13+00:00","description":"Apoyamos a quienes publican sus propios libros.Te ofrecemos consejos y ayuda como self-publisher, orient\u00e1ndote y ense\u00f1\u00e1ndote en el proceso.","inLanguage":"es","potentialAction":[{"@type":"ReadAction","target":["https:\/\/totem.com.pl\/es\/autopublicacion\/"]}]},{"@type":"WebSite","@id":"https:\/\/totem.com.pl\/#website","url":"https:\/\/totem.com.pl\/","name":"Totem: imprenta digital de libros","description":"Oferta para editoriales y autoeditores","potentialAction":[{"@type":"SearchAction","target":{"@type":"EntryPoint","urlTemplate":"https:\/\/totem.com.pl\/?s={search_term_string}"},"query-input":{"@type":"PropertyValueSpecification","valueRequired":true,"valueName":"search_term_string"}}],"inLanguage":"es"}]}},"_links":{"self":[{"href":"https:\/\/totem.com.pl\/es\/wp-json\/wp\/v2\/pages\/13835","targetHints":{"allow":["GET"]}}],"collection":[{"href":"https:\/\/totem.com.pl\/es\/wp-json\/wp\/v2\/pages"}],"about":[{"href":"https:\/\/totem.com.pl\/es\/wp-json\/wp\/v2\/types\/page"}],"author":[{"embeddable":true,"href":"https:\/\/totem.com.pl\/es\/wp-json\/wp\/v2\/users\/1"}],"replies":[{"embeddable":true,"href":"https:\/\/totem.com.pl\/es\/wp-json\/wp\/v2\/comments?post=13835"}],"version-history":[{"count":14,"href":"https:\/\/totem.com.pl\/es\/wp-json\/wp\/v2\/pages\/13835\/revisions"}],"predecessor-version":[{"id":14177,"href":"https:\/\/totem.com.pl\/es\/wp-json\/wp\/v2\/pages\/13835\/revisions\/14177"}],"wp:attachment":[{"href":"https:\/\/totem.com.pl\/es\/wp-json\/wp\/v2\/media?parent=13835"}],"curies":[{"name":"wp","href":"https:\/\/api.w.org\/{rel}","templated":true}]}}