{"id":13512,"date":"2023-06-02T14:06:47","date_gmt":"2023-06-02T12:06:47","guid":{"rendered":"https:\/\/totem.com.pl\/polityka-prywatnosci\/"},"modified":"2026-03-23T12:43:30","modified_gmt":"2026-03-23T11:43:30","slug":"politica-de-privacidad","status":"publish","type":"page","link":"https:\/\/totem.com.pl\/es\/politica-de-privacidad\/","title":{"rendered":"Pol\u00edtica de privacidad"},"content":{"rendered":"","protected":false},"excerpt":{"rendered":"","protected":false},"author":1,"featured_media":0,"parent":0,"menu_order":0,"comment_status":"closed","ping_status":"closed","template":"","meta":{"_acf_changed":false,"footnotes":""},"class_list":["post-13512","page","type-page","status-publish","hentry"],"acf":[],"yoast_head":"<!-- This site is optimized with the Yoast SEO plugin v27.2 - https:\/\/yoast.com\/product\/yoast-seo-wordpress\/ -->\n<title>Pol\u00edtica de privacidad - Totem: imprenta de libros<\/title>\n<meta name=\"description\" content=\"La pol\u00edtica de privacidad de la imprenta Totem.com.pl contiene informaci\u00f3n sobre qu\u00e9 datos personales de los usuarios del sitio web se recopilan, qui\u00e9n es el responsable de dichos datos, as\u00ed como el prop\u00f3sito y el per\u00edodo de su tratamiento.\" \/>\n<meta name=\"robots\" content=\"index, follow, max-snippet:-1, max-image-preview:large, max-video-preview:-1\" \/>\n<link rel=\"canonical\" href=\"https:\/\/totem.com.pl\/es\/politica-de-privacidad\/\" \/>\n<meta property=\"og:locale\" content=\"es_ES\" \/>\n<meta property=\"og:type\" content=\"article\" \/>\n<meta property=\"og:title\" content=\"Pol\u00edtica de privacidad - Totem: imprenta de libros\" \/>\n<meta property=\"og:description\" content=\"La pol\u00edtica de privacidad de la imprenta Totem.com.pl contiene informaci\u00f3n sobre qu\u00e9 datos personales de los usuarios del sitio web se recopilan, qui\u00e9n es el responsable de dichos datos, as\u00ed como el prop\u00f3sito y el per\u00edodo de su tratamiento.\" \/>\n<meta property=\"og:url\" content=\"https:\/\/totem.com.pl\/es\/politica-de-privacidad\/\" \/>\n<meta property=\"og:site_name\" content=\"Totem: imprenta digital de libros\" \/>\n<meta property=\"article:modified_time\" content=\"2026-03-23T11:43:30+00:00\" \/>\n<meta name=\"twitter:card\" content=\"summary_large_image\" \/>\n<script type=\"application\/ld+json\" class=\"yoast-schema-graph\">{\"@context\":\"https:\/\/schema.org\",\"@graph\":[{\"@type\":\"WebPage\",\"@id\":\"https:\/\/totem.com.pl\/es\/politica-de-privacidad\/\",\"url\":\"https:\/\/totem.com.pl\/es\/politica-de-privacidad\/\",\"name\":\"Pol\u00edtica de privacidad - Totem: imprenta de libros\",\"isPartOf\":{\"@id\":\"https:\/\/totem.com.pl\/#website\"},\"datePublished\":\"2023-06-02T12:06:47+00:00\",\"dateModified\":\"2026-03-23T11:43:30+00:00\",\"description\":\"La pol\u00edtica de privacidad de la imprenta Totem.com.pl contiene informaci\u00f3n sobre qu\u00e9 datos personales de los usuarios del sitio web se recopilan, qui\u00e9n es el responsable de dichos datos, as\u00ed como el prop\u00f3sito y el per\u00edodo de su tratamiento.\",\"inLanguage\":\"es\",\"potentialAction\":[{\"@type\":\"ReadAction\",\"target\":[\"https:\/\/totem.com.pl\/es\/politica-de-privacidad\/\"]}]},{\"@type\":\"WebSite\",\"@id\":\"https:\/\/totem.com.pl\/#website\",\"url\":\"https:\/\/totem.com.pl\/\",\"name\":\"Totem: imprenta digital de libros\",\"description\":\"Oferta para editoriales y autoeditores\",\"potentialAction\":[{\"@type\":\"SearchAction\",\"target\":{\"@type\":\"EntryPoint\",\"urlTemplate\":\"https:\/\/totem.com.pl\/?s={search_term_string}\"},\"query-input\":{\"@type\":\"PropertyValueSpecification\",\"valueRequired\":true,\"valueName\":\"search_term_string\"}}],\"inLanguage\":\"es\"}]}<\/script>\n<!-- \/ Yoast SEO plugin. -->","yoast_head_json":{"title":"Pol\u00edtica de privacidad - Totem: imprenta de libros","description":"La pol\u00edtica de privacidad de la imprenta Totem.com.pl contiene informaci\u00f3n sobre qu\u00e9 datos personales de los usuarios del sitio web se recopilan, qui\u00e9n es el responsable de dichos datos, as\u00ed como el prop\u00f3sito y el per\u00edodo de su tratamiento.","robots":{"index":"index","follow":"follow","max-snippet":"max-snippet:-1","max-image-preview":"max-image-preview:large","max-video-preview":"max-video-preview:-1"},"canonical":"https:\/\/totem.com.pl\/es\/politica-de-privacidad\/","og_locale":"es_ES","og_type":"article","og_title":"Pol\u00edtica de privacidad - Totem: imprenta de libros","og_description":"La pol\u00edtica de privacidad de la imprenta Totem.com.pl contiene informaci\u00f3n sobre qu\u00e9 datos personales de los usuarios del sitio web se recopilan, qui\u00e9n es el responsable de dichos datos, as\u00ed como el prop\u00f3sito y el per\u00edodo de su tratamiento.","og_url":"https:\/\/totem.com.pl\/es\/politica-de-privacidad\/","og_site_name":"Totem: imprenta digital de libros","article_modified_time":"2026-03-23T11:43:30+00:00","twitter_card":"summary_large_image","schema":{"@context":"https:\/\/schema.org","@graph":[{"@type":"WebPage","@id":"https:\/\/totem.com.pl\/es\/politica-de-privacidad\/","url":"https:\/\/totem.com.pl\/es\/politica-de-privacidad\/","name":"Pol\u00edtica de privacidad - Totem: imprenta de libros","isPartOf":{"@id":"https:\/\/totem.com.pl\/#website"},"datePublished":"2023-06-02T12:06:47+00:00","dateModified":"2026-03-23T11:43:30+00:00","description":"La pol\u00edtica de privacidad de la imprenta Totem.com.pl contiene informaci\u00f3n sobre qu\u00e9 datos personales de los usuarios del sitio web se recopilan, qui\u00e9n es el responsable de dichos datos, as\u00ed como el prop\u00f3sito y el per\u00edodo de su tratamiento.","inLanguage":"es","potentialAction":[{"@type":"ReadAction","target":["https:\/\/totem.com.pl\/es\/politica-de-privacidad\/"]}]},{"@type":"WebSite","@id":"https:\/\/totem.com.pl\/#website","url":"https:\/\/totem.com.pl\/","name":"Totem: imprenta digital de libros","description":"Oferta para editoriales y autoeditores","potentialAction":[{"@type":"SearchAction","target":{"@type":"EntryPoint","urlTemplate":"https:\/\/totem.com.pl\/?s={search_term_string}"},"query-input":{"@type":"PropertyValueSpecification","valueRequired":true,"valueName":"search_term_string"}}],"inLanguage":"es"}]}},"_links":{"self":[{"href":"https:\/\/totem.com.pl\/es\/wp-json\/wp\/v2\/pages\/13512","targetHints":{"allow":["GET"]}}],"collection":[{"href":"https:\/\/totem.com.pl\/es\/wp-json\/wp\/v2\/pages"}],"about":[{"href":"https:\/\/totem.com.pl\/es\/wp-json\/wp\/v2\/types\/page"}],"author":[{"embeddable":true,"href":"https:\/\/totem.com.pl\/es\/wp-json\/wp\/v2\/users\/1"}],"replies":[{"embeddable":true,"href":"https:\/\/totem.com.pl\/es\/wp-json\/wp\/v2\/comments?post=13512"}],"version-history":[{"count":8,"href":"https:\/\/totem.com.pl\/es\/wp-json\/wp\/v2\/pages\/13512\/revisions"}],"predecessor-version":[{"id":14923,"href":"https:\/\/totem.com.pl\/es\/wp-json\/wp\/v2\/pages\/13512\/revisions\/14923"}],"wp:attachment":[{"href":"https:\/\/totem.com.pl\/es\/wp-json\/wp\/v2\/media?parent=13512"}],"curies":[{"name":"wp","href":"https:\/\/api.w.org\/{rel}","templated":true}]}}