{"id":6785,"date":"2023-05-25T12:11:18","date_gmt":"2023-05-25T10:11:18","guid":{"rendered":"https:\/\/totem-test.vian.pl\/strona-glowna\/"},"modified":"2026-03-10T15:32:42","modified_gmt":"2026-03-10T14:32:42","slug":"totem-buchdruckerei","status":"publish","type":"page","link":"https:\/\/totem.com.pl\/de\/","title":{"rendered":"Startseite"},"content":{"rendered":"","protected":false},"excerpt":{"rendered":"","protected":false},"author":1,"featured_media":0,"parent":0,"menu_order":0,"comment_status":"closed","ping_status":"closed","template":"page-templates\/page-strona-glowna.php","meta":{"_acf_changed":false,"footnotes":""},"class_list":["post-6785","page","type-page","status-publish","hentry"],"acf":[],"yoast_head":"<!-- This site is optimized with the Yoast SEO plugin v27.2 - https:\/\/yoast.com\/product\/yoast-seo-wordpress\/ -->\n<title>Totem - Buchdruckerei | Angebot f\u00fcr Verlage und Selfpublisher<\/title>\n<meta name=\"description\" content=\"Wir drucken B\u00fccher. Unser Angebot richten wir nicht nur an professionelle Verlage, sondern auch an Selfpublisher. St\u00f6bern Sie in unserem Angebot.\" \/>\n<meta name=\"robots\" content=\"index, follow, max-snippet:-1, max-image-preview:large, max-video-preview:-1\" \/>\n<link rel=\"canonical\" href=\"https:\/\/totem.com.pl\/de\/\" \/>\n<meta property=\"og:locale\" content=\"de_DE\" \/>\n<meta property=\"og:type\" content=\"article\" \/>\n<meta property=\"og:title\" content=\"Totem - Buchdruckerei | Angebot f\u00fcr Verlage und Selfpublisher\" \/>\n<meta property=\"og:description\" content=\"Wir drucken B\u00fccher. Unser Angebot richten wir nicht nur an professionelle Verlage, sondern auch an Selfpublisher. St\u00f6bern Sie in unserem Angebot.\" \/>\n<meta property=\"og:url\" content=\"https:\/\/totem.com.pl\/de\/\" \/>\n<meta property=\"og:site_name\" content=\"Totem - Buchdruckerei\" \/>\n<meta property=\"article:modified_time\" content=\"2026-03-10T14:32:42+00:00\" \/>\n<meta name=\"twitter:card\" content=\"summary_large_image\" \/>\n<script type=\"application\/ld+json\" class=\"yoast-schema-graph\">{\"@context\":\"https:\/\/schema.org\",\"@graph\":[{\"@type\":\"WebPage\",\"@id\":\"https:\/\/totem.com.pl\/de\/\",\"url\":\"https:\/\/totem.com.pl\/de\/\",\"name\":\"Totem - Buchdruckerei | Angebot f\u00fcr Verlage und Selfpublisher\",\"isPartOf\":{\"@id\":\"https:\/\/totem.com.pl\/#website\"},\"datePublished\":\"2023-05-25T10:11:18+00:00\",\"dateModified\":\"2026-03-10T14:32:42+00:00\",\"description\":\"Wir drucken B\u00fccher. Unser Angebot richten wir nicht nur an professionelle Verlage, sondern auch an Selfpublisher. St\u00f6bern Sie in unserem Angebot.\",\"inLanguage\":\"de\",\"potentialAction\":[{\"@type\":\"ReadAction\",\"target\":[\"https:\/\/totem.com.pl\/de\/\"]}]},{\"@type\":\"WebSite\",\"@id\":\"https:\/\/totem.com.pl\/#website\",\"url\":\"https:\/\/totem.com.pl\/\",\"name\":\"Totem - Buchdruckerei\",\"description\":\"Angebot f\u00fcr Verlage und Selfpublisher\",\"potentialAction\":[{\"@type\":\"SearchAction\",\"target\":{\"@type\":\"EntryPoint\",\"urlTemplate\":\"https:\/\/totem.com.pl\/?s={search_term_string}\"},\"query-input\":{\"@type\":\"PropertyValueSpecification\",\"valueRequired\":true,\"valueName\":\"search_term_string\"}}],\"inLanguage\":\"de\"}]}<\/script>\n<!-- \/ Yoast SEO plugin. -->","yoast_head_json":{"title":"Totem - Buchdruckerei | Angebot f\u00fcr Verlage und Selfpublisher","description":"Wir drucken B\u00fccher. Unser Angebot richten wir nicht nur an professionelle Verlage, sondern auch an Selfpublisher. St\u00f6bern Sie in unserem Angebot.","robots":{"index":"index","follow":"follow","max-snippet":"max-snippet:-1","max-image-preview":"max-image-preview:large","max-video-preview":"max-video-preview:-1"},"canonical":"https:\/\/totem.com.pl\/de\/","og_locale":"de_DE","og_type":"article","og_title":"Totem - Buchdruckerei | Angebot f\u00fcr Verlage und Selfpublisher","og_description":"Wir drucken B\u00fccher. Unser Angebot richten wir nicht nur an professionelle Verlage, sondern auch an Selfpublisher. St\u00f6bern Sie in unserem Angebot.","og_url":"https:\/\/totem.com.pl\/de\/","og_site_name":"Totem - Buchdruckerei","article_modified_time":"2026-03-10T14:32:42+00:00","twitter_card":"summary_large_image","schema":{"@context":"https:\/\/schema.org","@graph":[{"@type":"WebPage","@id":"https:\/\/totem.com.pl\/de\/","url":"https:\/\/totem.com.pl\/de\/","name":"Totem - Buchdruckerei | Angebot f\u00fcr Verlage und Selfpublisher","isPartOf":{"@id":"https:\/\/totem.com.pl\/#website"},"datePublished":"2023-05-25T10:11:18+00:00","dateModified":"2026-03-10T14:32:42+00:00","description":"Wir drucken B\u00fccher. Unser Angebot richten wir nicht nur an professionelle Verlage, sondern auch an Selfpublisher. St\u00f6bern Sie in unserem Angebot.","inLanguage":"de","potentialAction":[{"@type":"ReadAction","target":["https:\/\/totem.com.pl\/de\/"]}]},{"@type":"WebSite","@id":"https:\/\/totem.com.pl\/#website","url":"https:\/\/totem.com.pl\/","name":"Totem - Buchdruckerei","description":"Angebot f\u00fcr Verlage und Selfpublisher","potentialAction":[{"@type":"SearchAction","target":{"@type":"EntryPoint","urlTemplate":"https:\/\/totem.com.pl\/?s={search_term_string}"},"query-input":{"@type":"PropertyValueSpecification","valueRequired":true,"valueName":"search_term_string"}}],"inLanguage":"de"}]}},"_links":{"self":[{"href":"https:\/\/totem.com.pl\/de\/wp-json\/wp\/v2\/pages\/6785","targetHints":{"allow":["GET"]}}],"collection":[{"href":"https:\/\/totem.com.pl\/de\/wp-json\/wp\/v2\/pages"}],"about":[{"href":"https:\/\/totem.com.pl\/de\/wp-json\/wp\/v2\/types\/page"}],"author":[{"embeddable":true,"href":"https:\/\/totem.com.pl\/de\/wp-json\/wp\/v2\/users\/1"}],"replies":[{"embeddable":true,"href":"https:\/\/totem.com.pl\/de\/wp-json\/wp\/v2\/comments?post=6785"}],"version-history":[{"count":47,"href":"https:\/\/totem.com.pl\/de\/wp-json\/wp\/v2\/pages\/6785\/revisions"}],"predecessor-version":[{"id":14804,"href":"https:\/\/totem.com.pl\/de\/wp-json\/wp\/v2\/pages\/6785\/revisions\/14804"}],"wp:attachment":[{"href":"https:\/\/totem.com.pl\/de\/wp-json\/wp\/v2\/media?parent=6785"}],"curies":[{"name":"wp","href":"https:\/\/api.w.org\/{rel}","templated":true}]}}