{"id":12277,"date":"2025-02-19T09:55:56","date_gmt":"2025-02-19T08:55:56","guid":{"rendered":"https:\/\/totem.com.pl\/logotypy-do-pobrania\/"},"modified":"2026-02-23T22:03:09","modified_gmt":"2026-02-23T21:03:09","slug":"logos-zum-download","status":"publish","type":"page","link":"https:\/\/totem.com.pl\/de\/logos-zum-download\/","title":{"rendered":"Logos zum Download"},"content":{"rendered":"","protected":false},"excerpt":{"rendered":"","protected":false},"author":3,"featured_media":0,"parent":0,"menu_order":0,"comment_status":"closed","ping_status":"closed","template":"","meta":{"_acf_changed":false,"footnotes":""},"class_list":["post-12277","page","type-page","status-publish","hentry"],"acf":[],"yoast_head":"<!-- This site is optimized with the Yoast SEO plugin v27.2 - https:\/\/yoast.com\/product\/yoast-seo-wordpress\/ -->\n<title>Logos zum Download - Totem - Buchdruckerei<\/title>\n<meta name=\"description\" content=\"M\u00f6chten Sie das Totem-Logo in Ihrem Buch ver\u00f6ffentlichen, ben\u00f6tigen Sie das FSC-, ClimateCalc- oder Green Book-Logo? Laden Sie die auf dieser Seite verf\u00fcgbaren Zeichen herunter!\" \/>\n<meta name=\"robots\" content=\"index, follow, max-snippet:-1, max-image-preview:large, max-video-preview:-1\" \/>\n<link rel=\"canonical\" href=\"https:\/\/totem.com.pl\/de\/logos-zum-download\/\" \/>\n<meta property=\"og:locale\" content=\"de_DE\" \/>\n<meta property=\"og:type\" content=\"article\" \/>\n<meta property=\"og:title\" content=\"Logos zum Download - Totem - Buchdruckerei\" \/>\n<meta property=\"og:description\" content=\"M\u00f6chten Sie das Totem-Logo in Ihrem Buch ver\u00f6ffentlichen, ben\u00f6tigen Sie das FSC-, ClimateCalc- oder Green Book-Logo? Laden Sie die auf dieser Seite verf\u00fcgbaren Zeichen herunter!\" \/>\n<meta property=\"og:url\" content=\"https:\/\/totem.com.pl\/de\/logos-zum-download\/\" \/>\n<meta property=\"og:site_name\" content=\"Totem - Buchdruckerei\" \/>\n<meta property=\"article:modified_time\" content=\"2026-02-23T21:03:09+00:00\" \/>\n<meta name=\"twitter:card\" content=\"summary_large_image\" \/>\n<script type=\"application\/ld+json\" class=\"yoast-schema-graph\">{\"@context\":\"https:\/\/schema.org\",\"@graph\":[{\"@type\":\"WebPage\",\"@id\":\"https:\/\/totem.com.pl\/de\/logos-zum-download\/\",\"url\":\"https:\/\/totem.com.pl\/de\/logos-zum-download\/\",\"name\":\"Logos zum Download - Totem - Buchdruckerei\",\"isPartOf\":{\"@id\":\"https:\/\/totem.com.pl\/#website\"},\"datePublished\":\"2025-02-19T08:55:56+00:00\",\"dateModified\":\"2026-02-23T21:03:09+00:00\",\"description\":\"M\u00f6chten Sie das Totem-Logo in Ihrem Buch ver\u00f6ffentlichen, ben\u00f6tigen Sie das FSC-, ClimateCalc- oder Green Book-Logo? Laden Sie die auf dieser Seite verf\u00fcgbaren Zeichen herunter!\",\"inLanguage\":\"de\",\"potentialAction\":[{\"@type\":\"ReadAction\",\"target\":[\"https:\/\/totem.com.pl\/de\/logos-zum-download\/\"]}]},{\"@type\":\"WebSite\",\"@id\":\"https:\/\/totem.com.pl\/#website\",\"url\":\"https:\/\/totem.com.pl\/\",\"name\":\"Totem - Buchdruckerei\",\"description\":\"Angebot f\u00fcr Verlage und Selfpublisher\",\"potentialAction\":[{\"@type\":\"SearchAction\",\"target\":{\"@type\":\"EntryPoint\",\"urlTemplate\":\"https:\/\/totem.com.pl\/?s={search_term_string}\"},\"query-input\":{\"@type\":\"PropertyValueSpecification\",\"valueRequired\":true,\"valueName\":\"search_term_string\"}}],\"inLanguage\":\"de\"}]}<\/script>\n<!-- \/ Yoast SEO plugin. -->","yoast_head_json":{"title":"Logos zum Download - Totem - Buchdruckerei","description":"M\u00f6chten Sie das Totem-Logo in Ihrem Buch ver\u00f6ffentlichen, ben\u00f6tigen Sie das FSC-, ClimateCalc- oder Green Book-Logo? Laden Sie die auf dieser Seite verf\u00fcgbaren Zeichen herunter!","robots":{"index":"index","follow":"follow","max-snippet":"max-snippet:-1","max-image-preview":"max-image-preview:large","max-video-preview":"max-video-preview:-1"},"canonical":"https:\/\/totem.com.pl\/de\/logos-zum-download\/","og_locale":"de_DE","og_type":"article","og_title":"Logos zum Download - Totem - Buchdruckerei","og_description":"M\u00f6chten Sie das Totem-Logo in Ihrem Buch ver\u00f6ffentlichen, ben\u00f6tigen Sie das FSC-, ClimateCalc- oder Green Book-Logo? Laden Sie die auf dieser Seite verf\u00fcgbaren Zeichen herunter!","og_url":"https:\/\/totem.com.pl\/de\/logos-zum-download\/","og_site_name":"Totem - Buchdruckerei","article_modified_time":"2026-02-23T21:03:09+00:00","twitter_card":"summary_large_image","schema":{"@context":"https:\/\/schema.org","@graph":[{"@type":"WebPage","@id":"https:\/\/totem.com.pl\/de\/logos-zum-download\/","url":"https:\/\/totem.com.pl\/de\/logos-zum-download\/","name":"Logos zum Download - Totem - Buchdruckerei","isPartOf":{"@id":"https:\/\/totem.com.pl\/#website"},"datePublished":"2025-02-19T08:55:56+00:00","dateModified":"2026-02-23T21:03:09+00:00","description":"M\u00f6chten Sie das Totem-Logo in Ihrem Buch ver\u00f6ffentlichen, ben\u00f6tigen Sie das FSC-, ClimateCalc- oder Green Book-Logo? Laden Sie die auf dieser Seite verf\u00fcgbaren Zeichen herunter!","inLanguage":"de","potentialAction":[{"@type":"ReadAction","target":["https:\/\/totem.com.pl\/de\/logos-zum-download\/"]}]},{"@type":"WebSite","@id":"https:\/\/totem.com.pl\/#website","url":"https:\/\/totem.com.pl\/","name":"Totem - Buchdruckerei","description":"Angebot f\u00fcr Verlage und Selfpublisher","potentialAction":[{"@type":"SearchAction","target":{"@type":"EntryPoint","urlTemplate":"https:\/\/totem.com.pl\/?s={search_term_string}"},"query-input":{"@type":"PropertyValueSpecification","valueRequired":true,"valueName":"search_term_string"}}],"inLanguage":"de"}]}},"_links":{"self":[{"href":"https:\/\/totem.com.pl\/de\/wp-json\/wp\/v2\/pages\/12277","targetHints":{"allow":["GET"]}}],"collection":[{"href":"https:\/\/totem.com.pl\/de\/wp-json\/wp\/v2\/pages"}],"about":[{"href":"https:\/\/totem.com.pl\/de\/wp-json\/wp\/v2\/types\/page"}],"author":[{"embeddable":true,"href":"https:\/\/totem.com.pl\/de\/wp-json\/wp\/v2\/users\/3"}],"replies":[{"embeddable":true,"href":"https:\/\/totem.com.pl\/de\/wp-json\/wp\/v2\/comments?post=12277"}],"version-history":[{"count":15,"href":"https:\/\/totem.com.pl\/de\/wp-json\/wp\/v2\/pages\/12277\/revisions"}],"predecessor-version":[{"id":14646,"href":"https:\/\/totem.com.pl\/de\/wp-json\/wp\/v2\/pages\/12277\/revisions\/14646"}],"wp:attachment":[{"href":"https:\/\/totem.com.pl\/de\/wp-json\/wp\/v2\/media?parent=12277"}],"curies":[{"name":"wp","href":"https:\/\/api.w.org\/{rel}","templated":true}]}}