{"id":7647,"date":"2023-05-25T12:11:18","date_gmt":"2023-05-25T10:11:18","guid":{"rendered":"https:\/\/totem-test.vian.pl\/strona-glowna\/"},"modified":"2026-03-10T14:21:25","modified_gmt":"2026-03-10T13:21:25","slug":"digitaltryk-af-boeger","status":"publish","type":"page","link":"https:\/\/totem.com.pl\/da\/","title":{"rendered":"Hjemmeside"},"content":{"rendered":"","protected":false},"excerpt":{"rendered":"","protected":false},"author":1,"featured_media":0,"parent":0,"menu_order":0,"comment_status":"closed","ping_status":"closed","template":"page-templates\/page-strona-glowna.php","meta":{"_acf_changed":false,"footnotes":""},"class_list":["post-7647","page","type-page","status-publish","hentry"],"acf":[],"yoast_head":"<!-- This site is optimized with the Yoast SEO plugin v27.2 - https:\/\/yoast.com\/product\/yoast-seo-wordpress\/ -->\n<title>Totem I Digitaltryk af b\u00f8ger - et tilbud til forl\u00e6ggere og selvudgivere<\/title>\n<meta name=\"description\" content=\"Vi trykker b\u00f8ger! Vores tilbud er rettet mod b\u00e5de professionelle forlag og selvudgivere. Se, hvad vi kan tilbyde dig.\" \/>\n<meta name=\"robots\" content=\"index, follow, max-snippet:-1, max-image-preview:large, max-video-preview:-1\" \/>\n<link rel=\"canonical\" href=\"https:\/\/totem.com.pl\/da\/\" \/>\n<meta property=\"og:locale\" content=\"da_DK\" \/>\n<meta property=\"og:type\" content=\"article\" \/>\n<meta property=\"og:title\" content=\"Totem I Digitaltryk af b\u00f8ger - et tilbud til forl\u00e6ggere og selvudgivere\" \/>\n<meta property=\"og:description\" content=\"Vi trykker b\u00f8ger! Vores tilbud er rettet mod b\u00e5de professionelle forlag og selvudgivere. Se, hvad vi kan tilbyde dig.\" \/>\n<meta property=\"og:url\" content=\"https:\/\/totem.com.pl\/da\/\" \/>\n<meta property=\"og:site_name\" content=\"Totem - Bogtrykkeri\" \/>\n<meta property=\"article:modified_time\" content=\"2026-03-10T13:21:25+00:00\" \/>\n<meta name=\"twitter:card\" content=\"summary_large_image\" \/>\n<script type=\"application\/ld+json\" class=\"yoast-schema-graph\">{\"@context\":\"https:\/\/schema.org\",\"@graph\":[{\"@type\":\"WebPage\",\"@id\":\"https:\/\/totem.com.pl\/da\/\",\"url\":\"https:\/\/totem.com.pl\/da\/\",\"name\":\"Totem I Digitaltryk af b\u00f8ger - et tilbud til forl\u00e6ggere og selvudgivere\",\"isPartOf\":{\"@id\":\"https:\/\/totem.com.pl\/#website\"},\"datePublished\":\"2023-05-25T10:11:18+00:00\",\"dateModified\":\"2026-03-10T13:21:25+00:00\",\"description\":\"Vi trykker b\u00f8ger! Vores tilbud er rettet mod b\u00e5de professionelle forlag og selvudgivere. Se, hvad vi kan tilbyde dig.\",\"inLanguage\":\"da-DK\",\"potentialAction\":[{\"@type\":\"ReadAction\",\"target\":[\"https:\/\/totem.com.pl\/da\/\"]}]},{\"@type\":\"WebSite\",\"@id\":\"https:\/\/totem.com.pl\/#website\",\"url\":\"https:\/\/totem.com.pl\/\",\"name\":\"Totem - Bogtrykkeri\",\"description\":\"Tilbud til forlag og selvudgivere\",\"potentialAction\":[{\"@type\":\"SearchAction\",\"target\":{\"@type\":\"EntryPoint\",\"urlTemplate\":\"https:\/\/totem.com.pl\/?s={search_term_string}\"},\"query-input\":{\"@type\":\"PropertyValueSpecification\",\"valueRequired\":true,\"valueName\":\"search_term_string\"}}],\"inLanguage\":\"da-DK\"}]}<\/script>\n<!-- \/ Yoast SEO plugin. -->","yoast_head_json":{"title":"Totem I Digitaltryk af b\u00f8ger - et tilbud til forl\u00e6ggere og selvudgivere","description":"Vi trykker b\u00f8ger! Vores tilbud er rettet mod b\u00e5de professionelle forlag og selvudgivere. Se, hvad vi kan tilbyde dig.","robots":{"index":"index","follow":"follow","max-snippet":"max-snippet:-1","max-image-preview":"max-image-preview:large","max-video-preview":"max-video-preview:-1"},"canonical":"https:\/\/totem.com.pl\/da\/","og_locale":"da_DK","og_type":"article","og_title":"Totem I Digitaltryk af b\u00f8ger - et tilbud til forl\u00e6ggere og selvudgivere","og_description":"Vi trykker b\u00f8ger! Vores tilbud er rettet mod b\u00e5de professionelle forlag og selvudgivere. Se, hvad vi kan tilbyde dig.","og_url":"https:\/\/totem.com.pl\/da\/","og_site_name":"Totem - Bogtrykkeri","article_modified_time":"2026-03-10T13:21:25+00:00","twitter_card":"summary_large_image","schema":{"@context":"https:\/\/schema.org","@graph":[{"@type":"WebPage","@id":"https:\/\/totem.com.pl\/da\/","url":"https:\/\/totem.com.pl\/da\/","name":"Totem I Digitaltryk af b\u00f8ger - et tilbud til forl\u00e6ggere og selvudgivere","isPartOf":{"@id":"https:\/\/totem.com.pl\/#website"},"datePublished":"2023-05-25T10:11:18+00:00","dateModified":"2026-03-10T13:21:25+00:00","description":"Vi trykker b\u00f8ger! Vores tilbud er rettet mod b\u00e5de professionelle forlag og selvudgivere. Se, hvad vi kan tilbyde dig.","inLanguage":"da-DK","potentialAction":[{"@type":"ReadAction","target":["https:\/\/totem.com.pl\/da\/"]}]},{"@type":"WebSite","@id":"https:\/\/totem.com.pl\/#website","url":"https:\/\/totem.com.pl\/","name":"Totem - Bogtrykkeri","description":"Tilbud til forlag og selvudgivere","potentialAction":[{"@type":"SearchAction","target":{"@type":"EntryPoint","urlTemplate":"https:\/\/totem.com.pl\/?s={search_term_string}"},"query-input":{"@type":"PropertyValueSpecification","valueRequired":true,"valueName":"search_term_string"}}],"inLanguage":"da-DK"}]}},"_links":{"self":[{"href":"https:\/\/totem.com.pl\/da\/wp-json\/wp\/v2\/pages\/7647","targetHints":{"allow":["GET"]}}],"collection":[{"href":"https:\/\/totem.com.pl\/da\/wp-json\/wp\/v2\/pages"}],"about":[{"href":"https:\/\/totem.com.pl\/da\/wp-json\/wp\/v2\/types\/page"}],"author":[{"embeddable":true,"href":"https:\/\/totem.com.pl\/da\/wp-json\/wp\/v2\/users\/1"}],"replies":[{"embeddable":true,"href":"https:\/\/totem.com.pl\/da\/wp-json\/wp\/v2\/comments?post=7647"}],"version-history":[{"count":47,"href":"https:\/\/totem.com.pl\/da\/wp-json\/wp\/v2\/pages\/7647\/revisions"}],"predecessor-version":[{"id":14805,"href":"https:\/\/totem.com.pl\/da\/wp-json\/wp\/v2\/pages\/7647\/revisions\/14805"}],"wp:attachment":[{"href":"https:\/\/totem.com.pl\/da\/wp-json\/wp\/v2\/media?parent=7647"}],"curies":[{"name":"wp","href":"https:\/\/api.w.org\/{rel}","templated":true}]}}